{"id":65,"date":"2026-01-21T13:59:36","date_gmt":"2026-01-21T13:59:36","guid":{"rendered":"https:\/\/gvkik.hu\/varostitkai\/?page_id=65"},"modified":"2026-01-21T13:59:36","modified_gmt":"2026-01-21T13:59:36","slug":"6-egy-csipet-godollo","status":"publish","type":"page","link":"https:\/\/gvkik.hu\/varostitkai\/6-egy-csipet-godollo\/","title":{"rendered":"6. Egy csipet G\u00f6d\u00f6ll\u0151"},"content":{"rendered":"\n<p>G\u00f6d\u00f6ll\u0151i gasztron\u00f3mia \u00a0<strong>(Plusz feladat bek\u00fcldhet\u0151)<\/strong><\/p>\n\n\n\n<ol class=\"wp-block-list\"><\/ol>\n\n\n\n<p><em>\u00c9rt\u00e9kel\u00e9si szempontok:<\/em> kreativit\u00e1s, g\u00f6d\u00f6ll\u0151i vonatkoz\u00e1s, m\u00edtoszteremt\u0151 k\u00e9pess\u00e9g<\/p>\n\n\n\n<p><\/p>\n","protected":false},"excerpt":{"rendered":"<p>G\u00f6d\u00f6ll\u0151i gasztron\u00f3mia \u00a0(Plusz feladat bek\u00fcldhet\u0151) \u00c9rt\u00e9kel\u00e9si szempontok: kreativit\u00e1s, g\u00f6d\u00f6ll\u0151i vonatkoz\u00e1s, m\u00edtoszteremt\u0151 k\u00e9pess\u00e9g<\/p>\n","protected":false},"author":1,"featured_media":0,"parent":0,"menu_order":0,"comment_status":"closed","ping_status":"closed","template":"","meta":{"footnotes":""},"class_list":["post-65","page","type-page","status-publish"],"_links":{"self":[{"href":"https:\/\/gvkik.hu\/varostitkai\/wp-json\/wp\/v2\/pages\/65","targetHints":{"allow":["GET"]}}],"collection":[{"href":"https:\/\/gvkik.hu\/varostitkai\/wp-json\/wp\/v2\/pages"}],"about":[{"href":"https:\/\/gvkik.hu\/varostitkai\/wp-json\/wp\/v2\/types\/page"}],"author":[{"embeddable":true,"href":"https:\/\/gvkik.hu\/varostitkai\/wp-json\/wp\/v2\/users\/1"}],"replies":[{"embeddable":true,"href":"https:\/\/gvkik.hu\/varostitkai\/wp-json\/wp\/v2\/comments?post=65"}],"version-history":[{"count":1,"href":"https:\/\/gvkik.hu\/varostitkai\/wp-json\/wp\/v2\/pages\/65\/revisions"}],"predecessor-version":[{"id":66,"href":"https:\/\/gvkik.hu\/varostitkai\/wp-json\/wp\/v2\/pages\/65\/revisions\/66"}],"wp:attachment":[{"href":"https:\/\/gvkik.hu\/varostitkai\/wp-json\/wp\/v2\/media?parent=65"}],"curies":[{"name":"wp","href":"https:\/\/api.w.org\/{rel}","templated":true}]}}