{"id":63,"date":"2026-01-21T13:59:01","date_gmt":"2026-01-21T13:59:01","guid":{"rendered":"https:\/\/gvkik.hu\/varostitkai\/?page_id=63"},"modified":"2026-01-21T13:59:01","modified_gmt":"2026-01-21T13:59:01","slug":"5-elveszett-kincsek","status":"publish","type":"page","link":"https:\/\/gvkik.hu\/varostitkai\/5-elveszett-kincsek\/","title":{"rendered":"5. Elveszett kincsek"},"content":{"rendered":"\n<p>G\u00f6d\u00f6ll\u0151 \u00e9p\u00edt\u00e9szeti eml\u00e9kei<\/p>\n\n\n\n<ol class=\"wp-block-list\"><\/ol>\n\n\n\n<p><em>\u00c9rt\u00e9kel\u00e9si szempontok:<\/em> Technikai kivitelez\u00e9s, kreativit\u00e1s, pontoss\u00e1g<\/p>\n\n\n\n<p><\/p>\n","protected":false},"excerpt":{"rendered":"<p>G\u00f6d\u00f6ll\u0151 \u00e9p\u00edt\u00e9szeti eml\u00e9kei \u00c9rt\u00e9kel\u00e9si szempontok: Technikai kivitelez\u00e9s, kreativit\u00e1s, pontoss\u00e1g<\/p>\n","protected":false},"author":1,"featured_media":0,"parent":0,"menu_order":0,"comment_status":"closed","ping_status":"closed","template":"","meta":{"footnotes":""},"class_list":["post-63","page","type-page","status-publish"],"_links":{"self":[{"href":"https:\/\/gvkik.hu\/varostitkai\/wp-json\/wp\/v2\/pages\/63","targetHints":{"allow":["GET"]}}],"collection":[{"href":"https:\/\/gvkik.hu\/varostitkai\/wp-json\/wp\/v2\/pages"}],"about":[{"href":"https:\/\/gvkik.hu\/varostitkai\/wp-json\/wp\/v2\/types\/page"}],"author":[{"embeddable":true,"href":"https:\/\/gvkik.hu\/varostitkai\/wp-json\/wp\/v2\/users\/1"}],"replies":[{"embeddable":true,"href":"https:\/\/gvkik.hu\/varostitkai\/wp-json\/wp\/v2\/comments?post=63"}],"version-history":[{"count":1,"href":"https:\/\/gvkik.hu\/varostitkai\/wp-json\/wp\/v2\/pages\/63\/revisions"}],"predecessor-version":[{"id":64,"href":"https:\/\/gvkik.hu\/varostitkai\/wp-json\/wp\/v2\/pages\/63\/revisions\/64"}],"wp:attachment":[{"href":"https:\/\/gvkik.hu\/varostitkai\/wp-json\/wp\/v2\/media?parent=63"}],"curies":[{"name":"wp","href":"https:\/\/api.w.org\/{rel}","templated":true}]}}