{"id":59,"date":"2026-01-21T13:57:46","date_gmt":"2026-01-21T13:57:46","guid":{"rendered":"https:\/\/gvkik.hu\/varostitkai\/?page_id=59"},"modified":"2026-01-22T12:51:25","modified_gmt":"2026-01-22T12:51:25","slug":"3-legendagyar","status":"publish","type":"page","link":"https:\/\/gvkik.hu\/varostitkai\/3-legendagyar\/","title":{"rendered":"3. Egy v\u00e1ros titkai"},"content":{"rendered":"\n<p>Legendagy\u00e1r <strong>(Plusz feladat bek\u00fcldhet\u0151)<\/strong><\/p>\n\n\n\n<p><em>\u00c9rt\u00e9kel\u00e9si szempontok:<\/em> M\u00edtoszteremt\u0151 k\u00e9pess\u00e9g, st\u00edlus, tartalom.<\/p>\n\n\n\n<p><\/p>\n","protected":false},"excerpt":{"rendered":"<p>Legendagy\u00e1r (Plusz feladat bek\u00fcldhet\u0151) \u00c9rt\u00e9kel\u00e9si szempontok: M\u00edtoszteremt\u0151 k\u00e9pess\u00e9g, st\u00edlus, tartalom.<\/p>\n","protected":false},"author":1,"featured_media":0,"parent":0,"menu_order":0,"comment_status":"closed","ping_status":"closed","template":"","meta":{"footnotes":""},"class_list":["post-59","page","type-page","status-publish"],"_links":{"self":[{"href":"https:\/\/gvkik.hu\/varostitkai\/wp-json\/wp\/v2\/pages\/59","targetHints":{"allow":["GET"]}}],"collection":[{"href":"https:\/\/gvkik.hu\/varostitkai\/wp-json\/wp\/v2\/pages"}],"about":[{"href":"https:\/\/gvkik.hu\/varostitkai\/wp-json\/wp\/v2\/types\/page"}],"author":[{"embeddable":true,"href":"https:\/\/gvkik.hu\/varostitkai\/wp-json\/wp\/v2\/users\/1"}],"replies":[{"embeddable":true,"href":"https:\/\/gvkik.hu\/varostitkai\/wp-json\/wp\/v2\/comments?post=59"}],"version-history":[{"count":4,"href":"https:\/\/gvkik.hu\/varostitkai\/wp-json\/wp\/v2\/pages\/59\/revisions"}],"predecessor-version":[{"id":101,"href":"https:\/\/gvkik.hu\/varostitkai\/wp-json\/wp\/v2\/pages\/59\/revisions\/101"}],"wp:attachment":[{"href":"https:\/\/gvkik.hu\/varostitkai\/wp-json\/wp\/v2\/media?parent=59"}],"curies":[{"name":"wp","href":"https:\/\/api.w.org\/{rel}","templated":true}]}}