{"id":52,"date":"2026-01-21T13:42:11","date_gmt":"2026-01-21T13:42:11","guid":{"rendered":"https:\/\/gvkik.hu\/varostitkai\/?page_id=52"},"modified":"2026-03-23T13:43:57","modified_gmt":"2026-03-23T13:43:57","slug":"rocktarisznya","status":"publish","type":"page","link":"https:\/\/gvkik.hu\/varostitkai\/rocktarisznya\/","title":{"rendered":"1. Retro R\u00e1di\u00f3"},"content":{"rendered":"\n<p>Az els\u0151 feladat a Retro R\u00e1di\u00f3 \u2013 G\u00f6d\u00f6ll\u0151 a helyiek szem\u00e9vel fant\u00e1zian\u00e9ven fut. A nyit\u00f3rendezv\u00e9nyre megh\u00edvunk sz\u00e1mos nagytud\u00e1s\u00fa, elismert szakembert, akikkel a csapatok r\u00f6vid interj\u00fat k\u00e9sz\u00edtenek szabadon v\u00e1lasztott form\u00e1ban: lehet vide\u00f3 interj\u00fa, hangfelv\u00e9tel, vagy sz\u00f6veges v\u00e1ltozat is. Az interj\u00faalanyokat a csapatok sorsol\u00e1s \u00fatj\u00e1n kapj\u00e1k meg, minden csapatnak egy interj\u00fat kell k\u00e9sz\u00edtenie, melynek c\u00e9lja, hogy az interj\u00faalany saj\u00e1t szakter\u00fclet\u00e9t \u00e9rintve tudjunk meg \u00e9rdekess\u00e9geket. titkokat a r\u00e9gi \u00e9s mostani G\u00f6d\u00f6ll\u0151r\u0151l. (Az interj\u00fafeladat pontos param\u00e9tereit a nyit\u00f3 rendezv\u00e9nyen ismertetj\u00fck).<\/p>\n\n\n\n<p>Az elk\u00e9sz\u00fclt interj\u00fat nem kell azonnal felt\u00f6lteni, 3 hetetek lesz az ut\u00f3munk\u00e1latokra.<\/p>\n\n\n\n<p><em>\u00c9rt\u00e9kel\u00e9si szempontok:<\/em> <\/p>\n\n\n\n<p>Struktur\u00e1lts\u00e1g, informativit\u00e1s, st\u00edlus, tartalom, g\u00f6d\u00f6ll\u0151i vonatkoz\u00e1s<\/p>\n\n\n\n<p><\/p>\n\n\n\n<figure class=\"wp-block-image size-large\"><img loading=\"lazy\" decoding=\"async\" width=\"1024\" height=\"234\" src=\"https:\/\/gvkik.hu\/varostitkai\/wp-content\/uploads\/2026\/03\/retro_radio-1024x234.png\" alt=\"\" class=\"wp-image-143\" srcset=\"https:\/\/gvkik.hu\/varostitkai\/wp-content\/uploads\/2026\/03\/retro_radio-1024x234.png 1024w, https:\/\/gvkik.hu\/varostitkai\/wp-content\/uploads\/2026\/03\/retro_radio-300x69.png 300w, https:\/\/gvkik.hu\/varostitkai\/wp-content\/uploads\/2026\/03\/retro_radio-768x176.png 768w, https:\/\/gvkik.hu\/varostitkai\/wp-content\/uploads\/2026\/03\/retro_radio-1536x351.png 1536w, https:\/\/gvkik.hu\/varostitkai\/wp-content\/uploads\/2026\/03\/retro_radio-2048x468.png 2048w\" sizes=\"auto, (max-width: 1024px) 100vw, 1024px\" \/><\/figure>\n\n\n\n\n\n<p><strong>Interj\u00fa k\u00e9sz\u00edt\u00e9s alapjai<\/strong><\/p>\n\n\n\n<p><strong>A v\u00e1ros titkai c\u00edm\u0171 j\u00e1t\u00e9khoz<\/strong><\/p>\n\n\n\n<ol class=\"wp-block-list\">\n<li><strong>Felk\u00e9sz\u00fcl\u00e9s<\/strong><br>A V\u00e1ros titkai vet\u00e9lked\u0151 eset\u00e9ben portr\u00e9 interj\u00fak k\u00e9sz\u00edt\u00e9s\u00e9re lesz sz\u00fcks\u00e9g. Ehhez kell igazodni a k\u00e9rd\u00e9sek jelleg\u00e9nek is. A szervez\u0151k v\u00e1rosunk \u00e9let\u00e9t j\u00f3l ismer\u0151, r\u00e9gi g\u00f6d\u00f6ll\u0151ieket k\u00e9rt fel interj\u00faalanyoknak, akik k\u00fcl\u00f6nb\u00f6z\u0151 ter\u00fcletr\u0151l tudnak majd mes\u00e9lni: sport, kult\u00fara, vend\u00e9gl\u00e1t\u00e1s, eg\u00e9szs\u00e9g\u00fcgy, iskolai \u00e9let, stb. A csapatok az interj\u00faalanyt sorsol\u00e1s \u00fatj\u00e1n kapj\u00e1k meg a nyit\u00f3 rendezv\u00e9nyen \u00e9s r\u00f6vid felk\u00e9sz\u00fcl\u00e9si id\u0151 ut\u00e1n f\u00e9l \u00f3r\u00e1t kapnak az interj\u00fa elk\u00e9sz\u00edt\u00e9s\u00e9re.<\/li>\n<\/ol>\n\n\n\n<ul class=\"wp-block-list\">\n<li><strong>K\u00e9rd\u00e9sek megtervez\u00e9se<\/strong><br>A j\u00f3 interj\u00fa v\u00e1za el\u0151re elk\u00e9sz\u00fcl.<\/li>\n<\/ul>\n\n\n\n<ul class=\"wp-block-list\">\n<li>Nyitott k\u00e9rd\u00e9seket \u00e9rdemes haszn\u00e1lni, amelyek nem \u201eigen\u2013nem\u201d v\u00e1laszt v\u00e1rnak.<\/li>\n\n\n\n<li>A k\u00e9rd\u00e9sek logikus sorrendben k\u00f6vess\u00e9k egym\u00e1st: az \u00e1ltal\u00e1nost\u00f3l a szem\u00e9lyesebb fel\u00e9.<\/li>\n\n\n\n<li>\u00c9rdemes tartal\u00e9k k\u00e9rd\u00e9seket is k\u00e9sz\u00edteni, ha a besz\u00e9lget\u00e9s elakadna vagy \u00faj ir\u00e1nyt venne.<\/li>\n<\/ul>\n\n\n\n<p><strong>3. Kapcsolatteremt\u00e9s<\/strong><br>Az interj\u00fa elej\u00e9n fontos a bizalom kialak\u00edt\u00e1sa. Egy r\u00f6vid, oldott bevezet\u00e9s seg\u00edti, hogy az alany term\u00e9szetesebben nyilatkozzon.<br>A tiszteletteljes, figyelmes jelenl\u00e9t alapfelt\u00e9tel.<\/p>\n\n\n\n<p><strong>4. A besz\u00e9lget\u00e9s vezet\u00e9se<\/strong><br>Az interj\u00fa sor\u00e1n nemcsak k\u00e9rdezni kell, hanem figyelni is.<\/p>\n\n\n\n<ul class=\"wp-block-list\">\n<li>A v\u00e1laszokra reag\u00e1lni kell, ak\u00e1r \u00faj k\u00e9rd\u00e9sekkel.<\/li>\n\n\n\n<li>Nem szabad t\u00fal gyakran f\u00e9lbeszak\u00edtani az alanyt.<\/li>\n\n\n\n<li>A besz\u00e9lget\u00e9st mederben kell tartani, de nem szabad t\u00fals\u00e1gosan mereven ragaszkodni az el\u0151re meg\u00edrt k\u00e9rd\u00e9sekhez.<\/li>\n<\/ul>\n\n\n\n<p><strong>5. Pontoss\u00e1g \u00e9s r\u00f6gz\u00edt\u00e9s<\/strong><br>Fontos a v\u00e1laszok pontos r\u00f6gz\u00edt\u00e9se (jegyzet vagy hangfelv\u00e9tel, az alany beleegyez\u00e9s\u00e9vel).<br>A k\u00e9s\u0151bbi feldolgoz\u00e1sn\u00e1l ez biztos\u00edtja a hiteless\u00e9get.<\/p>\n\n\n\n<p><strong>6. Lez\u00e1r\u00e1s<\/strong><br>Az interj\u00fa v\u00e9g\u00e9n \u00e9rdemes lehet\u0151s\u00e9get adni az alanynak, hogy kieg\u00e9sz\u00edtse mondanival\u00f3j\u00e1t.<br>Egy r\u00f6vid \u00f6sszegz\u00e9s vagy visszak\u00e9rdez\u00e9s seg\u00edthet tiszt\u00e1zni a l\u00e9nyegi pontokat.<\/p>\n\n\n\n<p><strong>Mit kell tartalmaznia egy j\u00f3 interj\u00fanak?<\/strong><\/p>\n\n\n\n<ul class=\"wp-block-list\">\n<li><strong>Bevezet\u00e9s<\/strong>: bemutatja az alanyt \u00e9s a besz\u00e9lget\u00e9s c\u00e9lj\u00e1t, r\u00f6vid \u00e9letrajz, munk\u00e1ss\u00e1g \u00e9s a v\u00e1lasztott t\u00e9ma, ami az interj\u00fa alapj\u00e1t k\u00e9pezi.<\/li>\n\n\n\n<li><strong>F\u0151 r\u00e9sz<\/strong>: a k\u00e9rd\u00e9sek \u00e9s v\u00e1laszok rendszerezetten, \u00e9rthet\u0151en<\/li>\n\n\n\n<li><strong>\u00cdv<\/strong>: legyen eleje, k\u00f6zepe \u00e9s v\u00e9ge; ne legyen sz\u00e9ttart\u00f3<\/li>\n\n\n\n<li><strong>Hiteless\u00e9g<\/strong>: pontos id\u00e9zetek, torz\u00edt\u00e1s n\u00e9lk\u00fcl<\/li>\n\n\n\n<li><strong>Ar\u00e1nyoss\u00e1g<\/strong>: ne csak k\u00e9rd\u00e9sek vagy csak v\u00e1laszok domin\u00e1ljanak<\/li>\n\n\n\n<li><strong>\u00c9rthet\u0151s\u00e9g<\/strong>: vil\u00e1gos, k\u00f6vethet\u0151 megfogalmaz\u00e1s<\/li>\n<\/ul>\n\n\n\n<p><strong>Interj\u00fa technikai k\u00f6vetelm\u00e9nyei:<\/strong><\/p>\n\n\n\n<ul class=\"wp-block-list\">\n<li>vide\u00f3, podcast vagy \u00edrott interj\u00fa lehet a form\u00e1tum (ez ut\u00f3bbi esetben, ha az interj\u00faalany hozz\u00e1j\u00e1rul, fot\u00f3val egy\u00fctt).<\/li>\n\n\n\n<li>terjedelem:<ul><li>vide\u00f3, hang: max. 5 perc<\/li><\/ul>\n<ul class=\"wp-block-list\">\n<li>\u00edrott: kb. 5000 karakter, azaz kb. 1,5-2 \u00edrott oldal<\/li>\n<\/ul>\n<\/li>\n\n\n\n<li>felt\u00f6lt\u00e9s: hang \u00e9s vide\u00f3 youtube-ra, \u00edrott anyag: felt\u00f6lteni a j\u00e1t\u00e9k honlapj\u00e1ra<\/li>\n<\/ul>\n\n\n\n<p>P\u00e9ld\u00e1k:<\/p>\n\n\n\n<p>Ujv\u00e1ri Mikl\u00f3s interj\u00faja Mundrucz\u00f3 Korn\u00e9llal:<\/p>\n\n\n\n<figure class=\"wp-block-embed is-type-video is-provider-youtube wp-block-embed-youtube wp-embed-aspect-16-9 wp-has-aspect-ratio\"><div class=\"wp-block-embed__wrapper\">\n<iframe loading=\"lazy\" title=\"A m\u0171v\u00e9szet provok\u00e1l \u00e9s vigasztal | Mundrucz\u00f3 Korn\u00e9l - M\u0171v\u00e9szbej\u00e1r\u00f3 #1\" width=\"1200\" height=\"675\" src=\"https:\/\/www.youtube.com\/embed\/wWaLEk5WOG8?feature=oembed\" frameborder=\"0\" allow=\"accelerometer; autoplay; clipboard-write; encrypted-media; gyroscope; picture-in-picture; web-share\" referrerpolicy=\"strict-origin-when-cross-origin\" allowfullscreen><\/iframe>\n<\/div><\/figure>\n\n\n\n<p>Ujv\u00e1ri Mikl\u00f3s interj\u00faja L\u00e9vay Szilveszterrel:<\/p>\n\n\n\n<figure class=\"wp-block-embed is-type-video is-provider-youtube wp-block-embed-youtube wp-embed-aspect-16-9 wp-has-aspect-ratio\"><div class=\"wp-block-embed__wrapper\">\n<iframe loading=\"lazy\" title=\"Az Elisabeth Musical megalkot\u00f3ja | Sylvester L\u00e9vay - M\u0171v\u00e9szbej\u00e1r\u00f3 #2\" width=\"1200\" height=\"675\" src=\"https:\/\/www.youtube.com\/embed\/2xXT_NhUaSs?feature=oembed\" frameborder=\"0\" allow=\"accelerometer; autoplay; clipboard-write; encrypted-media; gyroscope; picture-in-picture; web-share\" referrerpolicy=\"strict-origin-when-cross-origin\" allowfullscreen><\/iframe>\n<\/div><\/figure>\n","protected":false},"excerpt":{"rendered":"<p>Az els\u0151 feladat a Retro R\u00e1di\u00f3 \u2013 G\u00f6d\u00f6ll\u0151 a helyiek szem\u00e9vel fant\u00e1zian\u00e9ven fut. A nyit\u00f3rendezv\u00e9nyre megh\u00edvunk sz\u00e1mos nagytud\u00e1s\u00fa, elismert szakembert, akikkel a csapatok r\u00f6vid interj\u00fat k\u00e9sz\u00edtenek szabadon v\u00e1lasztott form\u00e1ban: lehet vide\u00f3 interj\u00fa, hangfelv\u00e9tel, vagy sz\u00f6veges v\u00e1ltozat is. Az interj\u00faalanyokat a csapatok sorsol\u00e1s \u00fatj\u00e1n kapj\u00e1k meg, minden csapatnak egy interj\u00fat kell k\u00e9sz\u00edtenie, melynek c\u00e9lja, hogy az &#8230; <a title=\"1. Retro R\u00e1di\u00f3\" class=\"read-more\" href=\"https:\/\/gvkik.hu\/varostitkai\/rocktarisznya\/\" aria-label=\"Read more about 1. Retro R\u00e1di\u00f3\">Olvass tov\u00e1bb<\/a><\/p>\n","protected":false},"author":1,"featured_media":0,"parent":0,"menu_order":0,"comment_status":"closed","ping_status":"closed","template":"","meta":{"footnotes":""},"class_list":["post-52","page","type-page","status-publish"],"_links":{"self":[{"href":"https:\/\/gvkik.hu\/varostitkai\/wp-json\/wp\/v2\/pages\/52","targetHints":{"allow":["GET"]}}],"collection":[{"href":"https:\/\/gvkik.hu\/varostitkai\/wp-json\/wp\/v2\/pages"}],"about":[{"href":"https:\/\/gvkik.hu\/varostitkai\/wp-json\/wp\/v2\/types\/page"}],"author":[{"embeddable":true,"href":"https:\/\/gvkik.hu\/varostitkai\/wp-json\/wp\/v2\/users\/1"}],"replies":[{"embeddable":true,"href":"https:\/\/gvkik.hu\/varostitkai\/wp-json\/wp\/v2\/comments?post=52"}],"version-history":[{"count":6,"href":"https:\/\/gvkik.hu\/varostitkai\/wp-json\/wp\/v2\/pages\/52\/revisions"}],"predecessor-version":[{"id":249,"href":"https:\/\/gvkik.hu\/varostitkai\/wp-json\/wp\/v2\/pages\/52\/revisions\/249"}],"wp:attachment":[{"href":"https:\/\/gvkik.hu\/varostitkai\/wp-json\/wp\/v2\/media?parent=52"}],"curies":[{"name":"wp","href":"https:\/\/api.w.org\/{rel}","templated":true}]}}