{"id":49,"date":"2026-01-21T13:32:39","date_gmt":"2026-01-21T13:32:39","guid":{"rendered":"https:\/\/gvkik.hu\/varostitkai\/?page_id=49"},"modified":"2026-03-03T09:19:24","modified_gmt":"2026-03-03T09:19:24","slug":"feladatok","status":"publish","type":"page","link":"https:\/\/gvkik.hu\/varostitkai\/feladatok\/","title":{"rendered":"Feladatok"},"content":{"rendered":"\n<ol class=\"wp-block-list\">\n<li>Retro R\u00e1di\u00f3 \u2013 G\u00f6d\u00f6ll\u0151 a helyiek szem\u00e9vel<\/li>\n\n\n\n<li>Mesters\u00e9gem c\u00edmere \u2013 H\u00edres g\u00f6d\u00f6ll\u0151iek<\/li>\n\n\n\n<li>Legendagy\u00e1r \u2013 Egy v\u00e1ros titkai<\/li>\n\n\n\n<li>Az \u00e1llam \u00e9n vagyok \u2013 G\u00f6d\u00f6ll\u0151 a politika \u00e9s t\u00f6rt\u00e9nelem k\u00f6z\u00e9ppontj\u00e1ban<\/li>\n\n\n\n<li>Elveszett kincsek \u2013 G\u00f6d\u00f6ll\u0151 \u00e9p\u00edt\u00e9szeti eml\u00e9kei<\/li>\n\n\n\n<li>Egy csipet G\u00f6d\u00f6ll\u0151 \u2013 G\u00f6d\u00f6ll\u0151i gasztron\u00f3mia<\/li>\n<\/ol>\n\n\n\n<p><\/p>\n","protected":false},"excerpt":{"rendered":"","protected":false},"author":1,"featured_media":0,"parent":0,"menu_order":0,"comment_status":"closed","ping_status":"closed","template":"","meta":{"footnotes":""},"class_list":["post-49","page","type-page","status-publish"],"_links":{"self":[{"href":"https:\/\/gvkik.hu\/varostitkai\/wp-json\/wp\/v2\/pages\/49","targetHints":{"allow":["GET"]}}],"collection":[{"href":"https:\/\/gvkik.hu\/varostitkai\/wp-json\/wp\/v2\/pages"}],"about":[{"href":"https:\/\/gvkik.hu\/varostitkai\/wp-json\/wp\/v2\/types\/page"}],"author":[{"embeddable":true,"href":"https:\/\/gvkik.hu\/varostitkai\/wp-json\/wp\/v2\/users\/1"}],"replies":[{"embeddable":true,"href":"https:\/\/gvkik.hu\/varostitkai\/wp-json\/wp\/v2\/comments?post=49"}],"version-history":[{"count":2,"href":"https:\/\/gvkik.hu\/varostitkai\/wp-json\/wp\/v2\/pages\/49\/revisions"}],"predecessor-version":[{"id":139,"href":"https:\/\/gvkik.hu\/varostitkai\/wp-json\/wp\/v2\/pages\/49\/revisions\/139"}],"wp:attachment":[{"href":"https:\/\/gvkik.hu\/varostitkai\/wp-json\/wp\/v2\/media?parent=49"}],"curies":[{"name":"wp","href":"https:\/\/api.w.org\/{rel}","templated":true}]}}