{"id":271,"date":"2026-04-07T08:11:39","date_gmt":"2026-04-07T08:11:39","guid":{"rendered":"https:\/\/gvkik.hu\/varostitkai\/?page_id=271"},"modified":"2026-04-07T09:41:28","modified_gmt":"2026-04-07T09:41:28","slug":"feladatbekuldesek","status":"publish","type":"page","link":"https:\/\/gvkik.hu\/varostitkai\/feladatbekuldesek\/","title":{"rendered":"Feladatbek\u00fcld\u00e9sek"},"content":{"rendered":"\n<ul class=\"wp-block-list\">\n<li>1. Retro R\u00e1di\u00f3<\/li>\n\n\n\n<li><a href=\"https:\/\/gvkik.hu\/varostitkai\/category\/mestersegem-cimere\/\" data-type=\"link\" data-id=\"https:\/\/gvkik.hu\/varostitkai\/category\/mestersegem-cimere\/\">2. Mesters\u00e9gem c\u00edmere<\/a><\/li>\n\n\n\n<li>3. Egy v\u00e1ros titkai<\/li>\n\n\n\n<li>4. Az \u00e1llam \u00e9n vagyok<\/li>\n\n\n\n<li>5. Elveszett kincsek<\/li>\n\n\n\n<li>6. Egy csipet G\u00f6d\u00f6ll\u0151<\/li>\n<\/ul>\n\n\n\n<p><\/p>\n","protected":false},"excerpt":{"rendered":"","protected":false},"author":1,"featured_media":0,"parent":0,"menu_order":0,"comment_status":"closed","ping_status":"closed","template":"","meta":{"footnotes":""},"class_list":["post-271","page","type-page","status-publish"],"_links":{"self":[{"href":"https:\/\/gvkik.hu\/varostitkai\/wp-json\/wp\/v2\/pages\/271","targetHints":{"allow":["GET"]}}],"collection":[{"href":"https:\/\/gvkik.hu\/varostitkai\/wp-json\/wp\/v2\/pages"}],"about":[{"href":"https:\/\/gvkik.hu\/varostitkai\/wp-json\/wp\/v2\/types\/page"}],"author":[{"embeddable":true,"href":"https:\/\/gvkik.hu\/varostitkai\/wp-json\/wp\/v2\/users\/1"}],"replies":[{"embeddable":true,"href":"https:\/\/gvkik.hu\/varostitkai\/wp-json\/wp\/v2\/comments?post=271"}],"version-history":[{"count":2,"href":"https:\/\/gvkik.hu\/varostitkai\/wp-json\/wp\/v2\/pages\/271\/revisions"}],"predecessor-version":[{"id":370,"href":"https:\/\/gvkik.hu\/varostitkai\/wp-json\/wp\/v2\/pages\/271\/revisions\/370"}],"wp:attachment":[{"href":"https:\/\/gvkik.hu\/varostitkai\/wp-json\/wp\/v2\/media?parent=271"}],"curies":[{"name":"wp","href":"https:\/\/api.w.org\/{rel}","templated":true}]}}