{"id":250,"date":"2026-03-23T14:44:37","date_gmt":"2026-03-23T14:44:37","guid":{"rendered":"https:\/\/gvkik.hu\/varostitkai\/?page_id=250"},"modified":"2026-03-23T14:44:37","modified_gmt":"2026-03-23T14:44:37","slug":"csalogany","status":"publish","type":"page","link":"https:\/\/gvkik.hu\/varostitkai\/csalogany\/","title":{"rendered":"Csalog\u00e1ny"},"content":{"rendered":"\n<p>\u201eCsalog\u00e1ny csapat<\/p>\n\n\n\n<p>bemutatkoz\u00e1s<\/p>\n\n\n\n<p>Az \u00fcgyv\u00e9d, a karbantart\u00f3, a szoftveres, a kutat\u00f3 \u00e9s a menedzser utazik a vonaton&#8230; egyszer csak meg\u00e1ll a szerelv\u00e9ny. Az \u00fcgyv\u00e9d m\u00e1ris felh\u00e1borodik: ki ez\u00e9rt a felel\u0151s, \u00e9s kit lehetne beperelni? A szoftveres nyugodtan h\u00e1trad\u0151l: biztos csak \u00fajra kell ind\u00edtani. A menedzser azonnal szervez: mindenki v\u00e1llaljon egy r\u00e9szfeladatot. A kutat\u00f3 k\u00f6zben jegyzetel, azon gondolkodva, hogy ez m\u00e1r statisztikailag szignifik\u00e1ns elt\u00e9r\u00e9s-e, vagy m\u00e9g belef\u00e9r a sz\u00f3r\u00e1sba, \u00e9szre sem v\u00e9ve, hogy a karbantart\u00f3 m\u00e1r az ajt\u00f3t feszegeti a csavarh\u00faz\u00f3j\u00e1val.<\/p>\n\n\n\n<p>A hangosbemond\u00f3 megsz\u00f3lal: G\u00f6d\u00f6ll\u0151 \u00e1llom\u00e1s. A kutat\u00f3 tov\u00e1bb sz\u00e1mol, a menedzser \u00fajratervez, az \u00fcgyv\u00e9d m\u00e1r a k\u00e1rt\u00e9r\u00edt\u00e9s \u00f6sszeg\u00e9n gondolkodik, a szoftveresnek m\u00e9g mindig v\u00e1r az \u00fajraind\u00edt\u00e1sra, fel sem n\u00e9znek, de a karbantart\u00f3 addigra m\u00e1r kinyitotta az ajt\u00f3t, \u00e9s csak ennyit mond: Sr\u00e1cok&#8230; Meg\u00e9rkezt\u00fcnk.&#8221;<\/p>\n\n\n\n<figure class=\"wp-block-image size-large\"><img loading=\"lazy\" decoding=\"async\" width=\"1024\" height=\"683\" src=\"https:\/\/gvkik.hu\/varostitkai\/wp-content\/uploads\/2026\/03\/651924054_1275122801380291_1221930394124833232_n-1024x683.jpg\" alt=\"\" class=\"wp-image-252\" srcset=\"https:\/\/gvkik.hu\/varostitkai\/wp-content\/uploads\/2026\/03\/651924054_1275122801380291_1221930394124833232_n-1024x683.jpg 1024w, https:\/\/gvkik.hu\/varostitkai\/wp-content\/uploads\/2026\/03\/651924054_1275122801380291_1221930394124833232_n-300x200.jpg 300w, https:\/\/gvkik.hu\/varostitkai\/wp-content\/uploads\/2026\/03\/651924054_1275122801380291_1221930394124833232_n-768x512.jpg 768w, https:\/\/gvkik.hu\/varostitkai\/wp-content\/uploads\/2026\/03\/651924054_1275122801380291_1221930394124833232_n.jpg 1536w\" sizes=\"auto, (max-width: 1024px) 100vw, 1024px\" \/><\/figure>\n","protected":false},"excerpt":{"rendered":"<p>\u201eCsalog\u00e1ny csapat bemutatkoz\u00e1s Az \u00fcgyv\u00e9d, a karbantart\u00f3, a szoftveres, a kutat\u00f3 \u00e9s a menedzser utazik a vonaton&#8230; egyszer csak meg\u00e1ll a szerelv\u00e9ny. Az \u00fcgyv\u00e9d m\u00e1ris felh\u00e1borodik: ki ez\u00e9rt a felel\u0151s, \u00e9s kit lehetne beperelni? A szoftveres nyugodtan h\u00e1trad\u0151l: biztos csak \u00fajra kell ind\u00edtani. A menedzser azonnal szervez: mindenki v\u00e1llaljon egy r\u00e9szfeladatot. A kutat\u00f3 k\u00f6zben jegyzetel, &#8230; <a title=\"Csalog\u00e1ny\" class=\"read-more\" href=\"https:\/\/gvkik.hu\/varostitkai\/csalogany\/\" aria-label=\"Read more about Csalog\u00e1ny\">Olvass tov\u00e1bb<\/a><\/p>\n","protected":false},"author":1,"featured_media":0,"parent":0,"menu_order":0,"comment_status":"closed","ping_status":"closed","template":"","meta":{"footnotes":""},"class_list":["post-250","page","type-page","status-publish"],"_links":{"self":[{"href":"https:\/\/gvkik.hu\/varostitkai\/wp-json\/wp\/v2\/pages\/250","targetHints":{"allow":["GET"]}}],"collection":[{"href":"https:\/\/gvkik.hu\/varostitkai\/wp-json\/wp\/v2\/pages"}],"about":[{"href":"https:\/\/gvkik.hu\/varostitkai\/wp-json\/wp\/v2\/types\/page"}],"author":[{"embeddable":true,"href":"https:\/\/gvkik.hu\/varostitkai\/wp-json\/wp\/v2\/users\/1"}],"replies":[{"embeddable":true,"href":"https:\/\/gvkik.hu\/varostitkai\/wp-json\/wp\/v2\/comments?post=250"}],"version-history":[{"count":1,"href":"https:\/\/gvkik.hu\/varostitkai\/wp-json\/wp\/v2\/pages\/250\/revisions"}],"predecessor-version":[{"id":253,"href":"https:\/\/gvkik.hu\/varostitkai\/wp-json\/wp\/v2\/pages\/250\/revisions\/253"}],"wp:attachment":[{"href":"https:\/\/gvkik.hu\/varostitkai\/wp-json\/wp\/v2\/media?parent=250"}],"curies":[{"name":"wp","href":"https:\/\/api.w.org\/{rel}","templated":true}]}}