{"id":25,"date":"2026-01-21T11:12:10","date_gmt":"2026-01-21T11:12:10","guid":{"rendered":"https:\/\/gvkik.hu\/varostitkai\/?page_id=25"},"modified":"2026-01-21T13:31:51","modified_gmt":"2026-01-21T13:31:51","slug":"kezdolap","status":"publish","type":"page","link":"https:\/\/gvkik.hu\/varostitkai\/kezdolap\/","title":{"rendered":"J\u00e1t\u00e9kszab\u00e1ly, pontoz\u00e1s"},"content":{"rendered":"\n<p>A j\u00e1t\u00e9k <strong>3 h\u00f3napon<\/strong> \u00e1t zajlik. Ennek sor\u00e1n a csapatoknak <strong>6 feladatot<\/strong> kell megoldani, havonta k\u00e9t-k\u00e9t feladatot, amire egyenk\u00e9nt maximum 10 pontot lehet kapni. A feladatokat k\u00f6nyvt\u00e1rosokb\u00f3l \u00e1ll\u00f3 zs\u0171ri fogja pontozni, k\u00fcl\u00f6nb\u00f6z\u0151 szempontok szerint, melyeket a feladatokn\u00e1l r\u00e9szletez\u00fcnk. <strong>3 alkalommal van lehet\u0151s\u00e9g plusz feladatot bek\u00fcldeni <\/strong>(ld. k\u00e9s\u0151bb a feladatokn\u00e1l), mely egyenk\u00e9nt maximum 5 pontot \u00e9r. A j\u00e1t\u00e9k v\u00e9g\u00e9re \u00f6sszegy\u0171jthet\u0151 <strong>maximum pontsz\u00e1m: 75 pont<\/strong>.<\/p>\n\n\n\n<p>A csapatok pontjai el\u0151sz\u00f6r az els\u0151 k\u00e9t feladat megold\u00e1sa ut\u00e1n ker\u00fclnek ki a honlapra!<\/p>\n\n\n\n<p>A hat\u00e1rid\u0151n t\u00fal felt\u00f6lt\u00f6tt feladatokat is pontozzuk, de nem tudunk maximum pontsz\u00e1mot adni.<\/p>\n","protected":false},"excerpt":{"rendered":"<p>A j\u00e1t\u00e9k 3 h\u00f3napon \u00e1t zajlik. Ennek sor\u00e1n a csapatoknak 6 feladatot kell megoldani, havonta k\u00e9t-k\u00e9t feladatot, amire egyenk\u00e9nt maximum 10 pontot lehet kapni. A feladatokat k\u00f6nyvt\u00e1rosokb\u00f3l \u00e1ll\u00f3 zs\u0171ri fogja pontozni, k\u00fcl\u00f6nb\u00f6z\u0151 szempontok szerint, melyeket a feladatokn\u00e1l r\u00e9szletez\u00fcnk. 3 alkalommal van lehet\u0151s\u00e9g plusz feladatot bek\u00fcldeni (ld. k\u00e9s\u0151bb a feladatokn\u00e1l), mely egyenk\u00e9nt maximum 5 pontot \u00e9r. &#8230; <a title=\"J\u00e1t\u00e9kszab\u00e1ly, pontoz\u00e1s\" class=\"read-more\" href=\"https:\/\/gvkik.hu\/varostitkai\/kezdolap\/\" aria-label=\"Read more about J\u00e1t\u00e9kszab\u00e1ly, pontoz\u00e1s\">Olvass tov\u00e1bb<\/a><\/p>\n","protected":false},"author":1,"featured_media":0,"parent":0,"menu_order":0,"comment_status":"closed","ping_status":"closed","template":"","meta":{"footnotes":""},"class_list":["post-25","page","type-page","status-publish"],"_links":{"self":[{"href":"https:\/\/gvkik.hu\/varostitkai\/wp-json\/wp\/v2\/pages\/25","targetHints":{"allow":["GET"]}}],"collection":[{"href":"https:\/\/gvkik.hu\/varostitkai\/wp-json\/wp\/v2\/pages"}],"about":[{"href":"https:\/\/gvkik.hu\/varostitkai\/wp-json\/wp\/v2\/types\/page"}],"author":[{"embeddable":true,"href":"https:\/\/gvkik.hu\/varostitkai\/wp-json\/wp\/v2\/users\/1"}],"replies":[{"embeddable":true,"href":"https:\/\/gvkik.hu\/varostitkai\/wp-json\/wp\/v2\/comments?post=25"}],"version-history":[{"count":2,"href":"https:\/\/gvkik.hu\/varostitkai\/wp-json\/wp\/v2\/pages\/25\/revisions"}],"predecessor-version":[{"id":48,"href":"https:\/\/gvkik.hu\/varostitkai\/wp-json\/wp\/v2\/pages\/25\/revisions\/48"}],"wp:attachment":[{"href":"https:\/\/gvkik.hu\/varostitkai\/wp-json\/wp\/v2\/media?parent=25"}],"curies":[{"name":"wp","href":"https:\/\/api.w.org\/{rel}","templated":true}]}}