{"id":234,"date":"2026-03-23T10:30:51","date_gmt":"2026-03-23T10:30:51","guid":{"rendered":"https:\/\/gvkik.hu\/varostitkai\/?page_id=234"},"modified":"2026-03-23T10:30:52","modified_gmt":"2026-03-23T10:30:52","slug":"becsapat","status":"publish","type":"page","link":"https:\/\/gvkik.hu\/varostitkai\/becsapat\/","title":{"rendered":"Becsapat"},"content":{"rendered":"\n<p>Sziasztok, mi vagyunk a BEcsapat, akiket neh\u00e9z lesz becsapni. B\u00e1r val\u00f3j\u00e1ban nem is innen j\u00f6n a nev\u00fcnk, hanem a titkos negyedik tagunkt\u00f3l akinek emberfeletti tehets\u00e9ge van \u00a0rejt\u00e9lyek kiszimatol\u00e1s\u00e1hoz. Im\u00e1djuk a nyomoz\u00e1st \u00e9s a fejt\u00f6r\u0151ket, de ha akci\u00f3ra ker\u00fcl sor, abban sem vallunk sz\u00e9gyent! Ak\u00e1r jelen, ak\u00e1r t\u00f6rt\u00e9nelem, t\u00f6bbgener\u00e1ci\u00f3s tud\u00e1ssal \u00e1llunk el\u00e9be. Vagy \u00fcl\u00fcnk, feksz\u00fcnk, ugrunk, ami csak kell&#8230;<\/p>\n\n\n\n<figure class=\"wp-block-image size-large\"><img loading=\"lazy\" decoding=\"async\" width=\"1024\" height=\"768\" src=\"https:\/\/gvkik.hu\/varostitkai\/wp-content\/uploads\/2026\/03\/cid_39B1DB90-62C5-4AA8-8C1A-A8A256E575E4-1024x768.jpeg\" alt=\"\" class=\"wp-image-235\" srcset=\"https:\/\/gvkik.hu\/varostitkai\/wp-content\/uploads\/2026\/03\/cid_39B1DB90-62C5-4AA8-8C1A-A8A256E575E4-1024x768.jpeg 1024w, https:\/\/gvkik.hu\/varostitkai\/wp-content\/uploads\/2026\/03\/cid_39B1DB90-62C5-4AA8-8C1A-A8A256E575E4-300x225.jpeg 300w, https:\/\/gvkik.hu\/varostitkai\/wp-content\/uploads\/2026\/03\/cid_39B1DB90-62C5-4AA8-8C1A-A8A256E575E4-768x576.jpeg 768w, https:\/\/gvkik.hu\/varostitkai\/wp-content\/uploads\/2026\/03\/cid_39B1DB90-62C5-4AA8-8C1A-A8A256E575E4-1536x1152.jpeg 1536w, https:\/\/gvkik.hu\/varostitkai\/wp-content\/uploads\/2026\/03\/cid_39B1DB90-62C5-4AA8-8C1A-A8A256E575E4-rotated.jpeg 2016w\" sizes=\"auto, (max-width: 1024px) 100vw, 1024px\" \/><\/figure>\n","protected":false},"excerpt":{"rendered":"<p>Sziasztok, mi vagyunk a BEcsapat, akiket neh\u00e9z lesz becsapni. B\u00e1r val\u00f3j\u00e1ban nem is innen j\u00f6n a nev\u00fcnk, hanem a titkos negyedik tagunkt\u00f3l akinek emberfeletti tehets\u00e9ge van \u00a0rejt\u00e9lyek kiszimatol\u00e1s\u00e1hoz. Im\u00e1djuk a nyomoz\u00e1st \u00e9s a fejt\u00f6r\u0151ket, de ha akci\u00f3ra ker\u00fcl sor, abban sem vallunk sz\u00e9gyent! Ak\u00e1r jelen, ak\u00e1r t\u00f6rt\u00e9nelem, t\u00f6bbgener\u00e1ci\u00f3s tud\u00e1ssal \u00e1llunk el\u00e9be. Vagy \u00fcl\u00fcnk, feksz\u00fcnk, ugrunk, &#8230; <a title=\"Becsapat\" class=\"read-more\" href=\"https:\/\/gvkik.hu\/varostitkai\/becsapat\/\" aria-label=\"Read more about Becsapat\">Olvass tov\u00e1bb<\/a><\/p>\n","protected":false},"author":1,"featured_media":0,"parent":0,"menu_order":0,"comment_status":"closed","ping_status":"closed","template":"","meta":{"footnotes":""},"class_list":["post-234","page","type-page","status-publish"],"_links":{"self":[{"href":"https:\/\/gvkik.hu\/varostitkai\/wp-json\/wp\/v2\/pages\/234","targetHints":{"allow":["GET"]}}],"collection":[{"href":"https:\/\/gvkik.hu\/varostitkai\/wp-json\/wp\/v2\/pages"}],"about":[{"href":"https:\/\/gvkik.hu\/varostitkai\/wp-json\/wp\/v2\/types\/page"}],"author":[{"embeddable":true,"href":"https:\/\/gvkik.hu\/varostitkai\/wp-json\/wp\/v2\/users\/1"}],"replies":[{"embeddable":true,"href":"https:\/\/gvkik.hu\/varostitkai\/wp-json\/wp\/v2\/comments?post=234"}],"version-history":[{"count":1,"href":"https:\/\/gvkik.hu\/varostitkai\/wp-json\/wp\/v2\/pages\/234\/revisions"}],"predecessor-version":[{"id":236,"href":"https:\/\/gvkik.hu\/varostitkai\/wp-json\/wp\/v2\/pages\/234\/revisions\/236"}],"wp:attachment":[{"href":"https:\/\/gvkik.hu\/varostitkai\/wp-json\/wp\/v2\/media?parent=234"}],"curies":[{"name":"wp","href":"https:\/\/api.w.org\/{rel}","templated":true}]}}