{"id":230,"date":"2026-03-23T10:29:12","date_gmt":"2026-03-23T10:29:12","guid":{"rendered":"https:\/\/gvkik.hu\/varostitkai\/?page_id=230"},"modified":"2026-03-23T10:29:12","modified_gmt":"2026-03-23T10:29:12","slug":"baltazar-rajongok-csaladi-kore","status":"publish","type":"page","link":"https:\/\/gvkik.hu\/varostitkai\/baltazar-rajongok-csaladi-kore\/","title":{"rendered":"Baltaz\u00e1r Rajong\u00f3k Csal\u00e1di K\u00f6re"},"content":{"rendered":"\n<p>Egy apuka, aki egyid\u0151s G\u00f6d\u00f6ll\u0151vel, egy anyuka, aki g\u00f6d\u00f6ll\u0151i gyerekek angoltud\u00e1s\u00e1t fejleszti, egy fi\u00fa, aki 9 h\u00f3naposan ker\u00fclt a G\u00f6d\u00f6ll\u0151re, \u00e9s egy l\u00e1ny, aki egy G\u00f6d\u00f6ll\u0151ibe lett szerelmes. Ezek vagyunk mi.<\/p>\n\n\n\n<figure class=\"wp-block-image size-large\"><img loading=\"lazy\" decoding=\"async\" width=\"1024\" height=\"768\" src=\"https:\/\/gvkik.hu\/varostitkai\/wp-content\/uploads\/2026\/03\/1000010298-1-1024x768.jpg\" alt=\"\" class=\"wp-image-231\" srcset=\"https:\/\/gvkik.hu\/varostitkai\/wp-content\/uploads\/2026\/03\/1000010298-1-1024x768.jpg 1024w, https:\/\/gvkik.hu\/varostitkai\/wp-content\/uploads\/2026\/03\/1000010298-1-300x225.jpg 300w, https:\/\/gvkik.hu\/varostitkai\/wp-content\/uploads\/2026\/03\/1000010298-1-768x576.jpg 768w, https:\/\/gvkik.hu\/varostitkai\/wp-content\/uploads\/2026\/03\/1000010298-1-1536x1152.jpg 1536w, https:\/\/gvkik.hu\/varostitkai\/wp-content\/uploads\/2026\/03\/1000010298-1.jpg 2048w\" sizes=\"auto, (max-width: 1024px) 100vw, 1024px\" \/><\/figure>\n","protected":false},"excerpt":{"rendered":"<p>Egy apuka, aki egyid\u0151s G\u00f6d\u00f6ll\u0151vel, egy anyuka, aki g\u00f6d\u00f6ll\u0151i gyerekek angoltud\u00e1s\u00e1t fejleszti, egy fi\u00fa, aki 9 h\u00f3naposan ker\u00fclt a G\u00f6d\u00f6ll\u0151re, \u00e9s egy l\u00e1ny, aki egy G\u00f6d\u00f6ll\u0151ibe lett szerelmes. Ezek vagyunk mi.<\/p>\n","protected":false},"author":1,"featured_media":0,"parent":0,"menu_order":0,"comment_status":"closed","ping_status":"closed","template":"","meta":{"footnotes":""},"class_list":["post-230","page","type-page","status-publish"],"_links":{"self":[{"href":"https:\/\/gvkik.hu\/varostitkai\/wp-json\/wp\/v2\/pages\/230","targetHints":{"allow":["GET"]}}],"collection":[{"href":"https:\/\/gvkik.hu\/varostitkai\/wp-json\/wp\/v2\/pages"}],"about":[{"href":"https:\/\/gvkik.hu\/varostitkai\/wp-json\/wp\/v2\/types\/page"}],"author":[{"embeddable":true,"href":"https:\/\/gvkik.hu\/varostitkai\/wp-json\/wp\/v2\/users\/1"}],"replies":[{"embeddable":true,"href":"https:\/\/gvkik.hu\/varostitkai\/wp-json\/wp\/v2\/comments?post=230"}],"version-history":[{"count":1,"href":"https:\/\/gvkik.hu\/varostitkai\/wp-json\/wp\/v2\/pages\/230\/revisions"}],"predecessor-version":[{"id":232,"href":"https:\/\/gvkik.hu\/varostitkai\/wp-json\/wp\/v2\/pages\/230\/revisions\/232"}],"wp:attachment":[{"href":"https:\/\/gvkik.hu\/varostitkai\/wp-json\/wp\/v2\/media?parent=230"}],"curies":[{"name":"wp","href":"https:\/\/api.w.org\/{rel}","templated":true}]}}