{"id":217,"date":"2026-03-18T09:59:31","date_gmt":"2026-03-18T09:59:31","guid":{"rendered":"https:\/\/gvkik.hu\/varostitkai\/?page_id=217"},"modified":"2026-03-18T09:59:32","modified_gmt":"2026-03-18T09:59:32","slug":"goculturcrew","status":"publish","type":"page","link":"https:\/\/gvkik.hu\/varostitkai\/goculturcrew\/","title":{"rendered":"GO:culturcrew"},"content":{"rendered":"<div class=\"wp-block-image\">\n<figure class=\"alignright size-large is-resized\"><img loading=\"lazy\" decoding=\"async\" width=\"768\" height=\"1024\" src=\"https:\/\/gvkik.hu\/varostitkai\/wp-content\/uploads\/2026\/03\/650193957_979498677735346_1635443935168648591_n-768x1024.jpg\" alt=\"\" class=\"wp-image-218\" style=\"aspect-ratio:0.7500097820557968;width:380px;height:auto\" srcset=\"https:\/\/gvkik.hu\/varostitkai\/wp-content\/uploads\/2026\/03\/650193957_979498677735346_1635443935168648591_n-768x1024.jpg 768w, https:\/\/gvkik.hu\/varostitkai\/wp-content\/uploads\/2026\/03\/650193957_979498677735346_1635443935168648591_n-225x300.jpg 225w, https:\/\/gvkik.hu\/varostitkai\/wp-content\/uploads\/2026\/03\/650193957_979498677735346_1635443935168648591_n-1152x1536.jpg 1152w, https:\/\/gvkik.hu\/varostitkai\/wp-content\/uploads\/2026\/03\/650193957_979498677735346_1635443935168648591_n.jpg 1536w\" sizes=\"auto, (max-width: 768px) 100vw, 768px\" \/><\/figure>\n<\/div>\n\n\n<p>M\u00e1r a n\u00e9vv\u00e1laszt\u00e1s sem volt egyszer\u0171, hiszen minden tagja ennek a csapatnak egy\u00e9nis\u00e9g. A versenyre \u00f6ssze\u00e1llt a k\u00e9t nyer\u0151 p\u00e1ros, akik eddig is rengeteg kalandon mentek kereszt\u00fcl, de most valami igaz\u00e1n mes\u00e9s kih\u00edv\u00e1sra v\u00e1llalkoztak. Van k\u00f6z\u00f6tt\u00fcnk politol\u00f3gus, k\u00f6zgazd\u00e1sz, dietetikus \u00e9s m\u0171v\u00e9szl\u00e9lek, de az biztos, hogy nem csak versenyezni hanem tanulni is \u00e9rkezt\u00fcnk.<\/p>\n\n\n\n<p>Fiatals\u00e1gunkkal \u00e9s tud\u00e1sunkkal szeretn\u00e9nk megmutatni, hogy a v\u00e1rosismeret a fiatal feln\u0151ttek \u00e9let\u00e9ben is megjelenik: G\u00f6d\u00f6ll\u0151 kult\u00farbrig\u00e1dja, azaz fiatalosan mondva GO:culturcrew tagjai Zsombi a csk (mert mindenben a politik\u00e1t l\u00e1tja), Dorina (aki mindenben ellentmond Zsombinak), Vanessza (aki biztos\u00edtja az eg\u00e9szs\u00e9ges \u00e9letm\u00f3dot, \u00e9s ellentmond mindenkinek is a csapatban) \u00e9s term\u00e9szetesen&nbsp;Barna (aki kiv\u00e9telesen csak Vanessz\u00e1nak mond n\u00e9ha ellent, de keni-v\u00e1gja a m\u0171v\u00e9szetet \u00e9s a t\u00e1rsasj\u00e1t\u00e9kokat) k\u00e9szen \u00e1llnak a megm\u00e9rettet\u00e9sre!<\/p>\n\n\n\n<p>\u00dcdv\u00f6zlettel,<\/p>\n\n\n\n<p>Zsombor, Dorina, Vanessza \u00e9s Barnab\u00e1s<\/p>\n","protected":false},"excerpt":{"rendered":"<p>M\u00e1r a n\u00e9vv\u00e1laszt\u00e1s sem volt egyszer\u0171, hiszen minden tagja ennek a csapatnak egy\u00e9nis\u00e9g. A versenyre \u00f6ssze\u00e1llt a k\u00e9t nyer\u0151 p\u00e1ros, akik eddig is rengeteg kalandon mentek kereszt\u00fcl, de most valami igaz\u00e1n mes\u00e9s kih\u00edv\u00e1sra v\u00e1llalkoztak. Van k\u00f6z\u00f6tt\u00fcnk politol\u00f3gus, k\u00f6zgazd\u00e1sz, dietetikus \u00e9s m\u0171v\u00e9szl\u00e9lek, de az biztos, hogy nem csak versenyezni hanem tanulni is \u00e9rkezt\u00fcnk. Fiatals\u00e1gunkkal \u00e9s tud\u00e1sunkkal &#8230; <a title=\"GO:culturcrew\" class=\"read-more\" href=\"https:\/\/gvkik.hu\/varostitkai\/goculturcrew\/\" aria-label=\"Read more about GO:culturcrew\">Olvass tov\u00e1bb<\/a><\/p>\n","protected":false},"author":1,"featured_media":0,"parent":0,"menu_order":0,"comment_status":"closed","ping_status":"closed","template":"","meta":{"footnotes":""},"class_list":["post-217","page","type-page","status-publish"],"_links":{"self":[{"href":"https:\/\/gvkik.hu\/varostitkai\/wp-json\/wp\/v2\/pages\/217","targetHints":{"allow":["GET"]}}],"collection":[{"href":"https:\/\/gvkik.hu\/varostitkai\/wp-json\/wp\/v2\/pages"}],"about":[{"href":"https:\/\/gvkik.hu\/varostitkai\/wp-json\/wp\/v2\/types\/page"}],"author":[{"embeddable":true,"href":"https:\/\/gvkik.hu\/varostitkai\/wp-json\/wp\/v2\/users\/1"}],"replies":[{"embeddable":true,"href":"https:\/\/gvkik.hu\/varostitkai\/wp-json\/wp\/v2\/comments?post=217"}],"version-history":[{"count":1,"href":"https:\/\/gvkik.hu\/varostitkai\/wp-json\/wp\/v2\/pages\/217\/revisions"}],"predecessor-version":[{"id":219,"href":"https:\/\/gvkik.hu\/varostitkai\/wp-json\/wp\/v2\/pages\/217\/revisions\/219"}],"wp:attachment":[{"href":"https:\/\/gvkik.hu\/varostitkai\/wp-json\/wp\/v2\/media?parent=217"}],"curies":[{"name":"wp","href":"https:\/\/api.w.org\/{rel}","templated":true}]}}