{"id":197,"date":"2026-03-16T10:33:12","date_gmt":"2026-03-16T10:33:12","guid":{"rendered":"https:\/\/gvkik.hu\/varostitkai\/?page_id=197"},"modified":"2026-03-16T10:33:12","modified_gmt":"2026-03-16T10:33:12","slug":"torpe-tarsasag","status":"publish","type":"page","link":"https:\/\/gvkik.hu\/varostitkai\/torpe-tarsasag\/","title":{"rendered":"T\u00f6rpe T\u00e1rsas\u00e1g"},"content":{"rendered":"\n<p>Mi vagyunk a T\u00f6rpe T\u00e1rsas\u00e1g, mely egy nem is olyan t\u00f6rpe t\u00e1rsas\u00e1gb\u00f3l alakult ki. Szinte mindenki hossz\u00fa ideje lakik G\u00f6d\u00f6ll\u0151n, \u00e9s sz\u00edv\u00e9hez k\u00f6zel \u00e1ll.&nbsp;<\/p>\n\n\n\n<p>K\u00f6z\u00f6s hobbink a (t\u00e1rsas)j\u00e1t\u00e9k, amelyet online, vagy offline is \u0171z\u00fcnk.<\/p>\n\n\n\n<figure class=\"wp-block-image size-large\"><img loading=\"lazy\" decoding=\"async\" width=\"1024\" height=\"576\" src=\"https:\/\/gvkik.hu\/varostitkai\/wp-content\/uploads\/2026\/03\/torpetarsasag-1024x576.png\" alt=\"\" class=\"wp-image-198\" srcset=\"https:\/\/gvkik.hu\/varostitkai\/wp-content\/uploads\/2026\/03\/torpetarsasag-1024x576.png 1024w, https:\/\/gvkik.hu\/varostitkai\/wp-content\/uploads\/2026\/03\/torpetarsasag-300x169.png 300w, https:\/\/gvkik.hu\/varostitkai\/wp-content\/uploads\/2026\/03\/torpetarsasag-768x432.png 768w, https:\/\/gvkik.hu\/varostitkai\/wp-content\/uploads\/2026\/03\/torpetarsasag-1536x864.png 1536w, https:\/\/gvkik.hu\/varostitkai\/wp-content\/uploads\/2026\/03\/torpetarsasag-2048x1152.png 2048w\" sizes=\"auto, (max-width: 1024px) 100vw, 1024px\" \/><\/figure>\n","protected":false},"excerpt":{"rendered":"<p>Mi vagyunk a T\u00f6rpe T\u00e1rsas\u00e1g, mely egy nem is olyan t\u00f6rpe t\u00e1rsas\u00e1gb\u00f3l alakult ki. Szinte mindenki hossz\u00fa ideje lakik G\u00f6d\u00f6ll\u0151n, \u00e9s sz\u00edv\u00e9hez k\u00f6zel \u00e1ll.&nbsp; K\u00f6z\u00f6s hobbink a (t\u00e1rsas)j\u00e1t\u00e9k, amelyet online, vagy offline is \u0171z\u00fcnk.<\/p>\n","protected":false},"author":1,"featured_media":0,"parent":0,"menu_order":0,"comment_status":"closed","ping_status":"closed","template":"","meta":{"footnotes":""},"class_list":["post-197","page","type-page","status-publish"],"_links":{"self":[{"href":"https:\/\/gvkik.hu\/varostitkai\/wp-json\/wp\/v2\/pages\/197","targetHints":{"allow":["GET"]}}],"collection":[{"href":"https:\/\/gvkik.hu\/varostitkai\/wp-json\/wp\/v2\/pages"}],"about":[{"href":"https:\/\/gvkik.hu\/varostitkai\/wp-json\/wp\/v2\/types\/page"}],"author":[{"embeddable":true,"href":"https:\/\/gvkik.hu\/varostitkai\/wp-json\/wp\/v2\/users\/1"}],"replies":[{"embeddable":true,"href":"https:\/\/gvkik.hu\/varostitkai\/wp-json\/wp\/v2\/comments?post=197"}],"version-history":[{"count":1,"href":"https:\/\/gvkik.hu\/varostitkai\/wp-json\/wp\/v2\/pages\/197\/revisions"}],"predecessor-version":[{"id":199,"href":"https:\/\/gvkik.hu\/varostitkai\/wp-json\/wp\/v2\/pages\/197\/revisions\/199"}],"wp:attachment":[{"href":"https:\/\/gvkik.hu\/varostitkai\/wp-json\/wp\/v2\/media?parent=197"}],"curies":[{"name":"wp","href":"https:\/\/api.w.org\/{rel}","templated":true}]}}