{"id":179,"date":"2026-03-16T10:08:25","date_gmt":"2026-03-16T10:08:25","guid":{"rendered":"https:\/\/gvkik.hu\/varostitkai\/?page_id=179"},"modified":"2026-03-16T10:08:25","modified_gmt":"2026-03-16T10:08:25","slug":"g5","status":"publish","type":"page","link":"https:\/\/gvkik.hu\/varostitkai\/g5\/","title":{"rendered":"G5"},"content":{"rendered":"\n<figure class=\"wp-block-video\"><video height=\"1080\" style=\"aspect-ratio: 1920 \/ 1080;\" width=\"1920\" controls src=\"https:\/\/gvkik.hu\/varostitkai\/wp-content\/uploads\/2026\/03\/G5-bemutatkozas.wmv\"><\/video><\/figure>\n\n\n\n<p>Izgatottan v\u00e1rjuk a verseny kezdet\u00e9t!&nbsp;<\/p>\n\n\n\n<p>A csapat tagjai: Edit, Magdolna, Gabriella, Andrea, Istv\u00e1n<\/p>\n","protected":false},"excerpt":{"rendered":"<p>Izgatottan v\u00e1rjuk a verseny kezdet\u00e9t!&nbsp; A csapat tagjai: Edit, Magdolna, Gabriella, Andrea, Istv\u00e1n<\/p>\n","protected":false},"author":1,"featured_media":0,"parent":0,"menu_order":0,"comment_status":"closed","ping_status":"closed","template":"","meta":{"footnotes":""},"class_list":["post-179","page","type-page","status-publish"],"_links":{"self":[{"href":"https:\/\/gvkik.hu\/varostitkai\/wp-json\/wp\/v2\/pages\/179","targetHints":{"allow":["GET"]}}],"collection":[{"href":"https:\/\/gvkik.hu\/varostitkai\/wp-json\/wp\/v2\/pages"}],"about":[{"href":"https:\/\/gvkik.hu\/varostitkai\/wp-json\/wp\/v2\/types\/page"}],"author":[{"embeddable":true,"href":"https:\/\/gvkik.hu\/varostitkai\/wp-json\/wp\/v2\/users\/1"}],"replies":[{"embeddable":true,"href":"https:\/\/gvkik.hu\/varostitkai\/wp-json\/wp\/v2\/comments?post=179"}],"version-history":[{"count":1,"href":"https:\/\/gvkik.hu\/varostitkai\/wp-json\/wp\/v2\/pages\/179\/revisions"}],"predecessor-version":[{"id":181,"href":"https:\/\/gvkik.hu\/varostitkai\/wp-json\/wp\/v2\/pages\/179\/revisions\/181"}],"wp:attachment":[{"href":"https:\/\/gvkik.hu\/varostitkai\/wp-json\/wp\/v2\/media?parent=179"}],"curies":[{"name":"wp","href":"https:\/\/api.w.org\/{rel}","templated":true}]}}