{"id":175,"date":"2026-03-16T10:06:21","date_gmt":"2026-03-16T10:06:21","guid":{"rendered":"https:\/\/gvkik.hu\/varostitkai\/?page_id=175"},"modified":"2026-03-16T10:06:21","modified_gmt":"2026-03-16T10:06:21","slug":"jovo-szovo-nagyik","status":"publish","type":"page","link":"https:\/\/gvkik.hu\/varostitkai\/jovo-szovo-nagyik\/","title":{"rendered":"J\u00f6v\u0151 sz\u00f6v\u0151 nagyik"},"content":{"rendered":"\n<p>Mi 60 plusszos nagymam\u00e1k annak idej\u00e9n azzal a k\u00f6z\u00f6s c\u00e9llal j\u00f6tt\u00fcnk \u00f6ssze, hogy a Bene Zsuzsanna \u00e1ltal l\u00e9trehozott J\u00f6v\u0151sz\u00f6v\u0151 foglalkoz\u00e1sokon feleleven\u00edts\u00fck r\u00e9gi id\u0151k j\u00e1t\u00e9kait, tanuljunk \u00fajakat is, hogy ezeket a j\u00e1t\u00e9kokat a feln\u00f6vekv\u0151 gener\u00e1ci\u00f3nak, unok\u00e1inknak tov\u00e1bb tudjuk adni a vel\u00fck t\u00f6lt\u00f6tt vid\u00e1m egy\u00fcttl\u00e9t sor\u00e1n.<\/p>\n\n\n\n<figure class=\"wp-block-image size-large\"><img loading=\"lazy\" decoding=\"async\" width=\"1024\" height=\"631\" src=\"https:\/\/gvkik.hu\/varostitkai\/wp-content\/uploads\/2026\/03\/Jovoszovo-nagyik--1024x631.jpg\" alt=\"\" class=\"wp-image-176\" srcset=\"https:\/\/gvkik.hu\/varostitkai\/wp-content\/uploads\/2026\/03\/Jovoszovo-nagyik--1024x631.jpg 1024w, https:\/\/gvkik.hu\/varostitkai\/wp-content\/uploads\/2026\/03\/Jovoszovo-nagyik--300x185.jpg 300w, https:\/\/gvkik.hu\/varostitkai\/wp-content\/uploads\/2026\/03\/Jovoszovo-nagyik--768x473.jpg 768w, https:\/\/gvkik.hu\/varostitkai\/wp-content\/uploads\/2026\/03\/Jovoszovo-nagyik--1536x946.jpg 1536w, https:\/\/gvkik.hu\/varostitkai\/wp-content\/uploads\/2026\/03\/Jovoszovo-nagyik-.jpg 2048w\" sizes=\"auto, (max-width: 1024px) 100vw, 1024px\" \/><\/figure>\n\n\n\n<p>Vannak k\u00f6z\u00f6tt\u00fcnk, akik sz\u00fclet\u00e9s\u00fck \u00f3ta G\u00f6d\u00f6ll\u0151n \u00e9lnek \u00e9s vannak, akiket az \u00e9let\u00fck fontos pillanat\u00e1ban ide ir\u00e1ny\u00edtott a sorsuk.&nbsp;<\/p>\n\n\n\n<p>K\u00f6z\u00f6s benn\u00fcnk, hogy szeretj\u00fck G\u00f6d\u00f6ll\u0151t, szeret\u00fcnk itt \u00e9lni, r\u00e9szt venni a v\u00e1ros adta soksz\u00edn\u0171 szabadid\u0151s lehet\u0151s\u00e9gekben. Lelkes civilekk\u00e9nt id\u0151nk egy r\u00e9sz\u00e9ben akt\u00edvan be is kapcsol\u00f3dunk a kultur\u00e1lis, sport, term\u00e9szetj\u00e1r\u00f3, szoci\u00e1lis csoportok munk\u00e1j\u00e1ba.<\/p>\n\n\n\n<p>A V\u00e1ros titkai vet\u00e9lked\u0151re jelentkez\u00e9st kisebb gondolkod\u00e1s ut\u00e1n &#8222;megszavaztuk&#8221;, hiszen szeret\u00fcnk j\u00e1tszani, szeretj\u00fck a kih\u00edv\u00e1sokat.<\/p>\n\n\n\n<p>Izgalommal v\u00e1rjuk a tal\u00e1lkoz\u00e1st a feladatokkal \u00e9s a vet\u00e9lked\u0151ben r\u00e9szt vev\u0151 t\u00f6bbi csapattal.<\/p>\n\n\n\n<p>K\u00f6sz\u00f6nj\u00fck sz\u00e9pen a lehet\u0151s\u00e9get.<\/p>\n\n\n\n<p>Bene Zsuzsanna<\/p>\n\n\n\n<p>Horv\u00e1th Roz\u00e1lia<\/p>\n\n\n\n<p>M\u00e1th\u00e9 L\u00e1szl\u00f3n\u00e9 Anci<\/p>\n\n\n\n<p>Meggyesi Zsuzsanna<\/p>\n\n\n\n<p>Vinc\u00e9n\u00e9 P\u00e1lfalvi Erika<\/p>\n\n\n\n<p>Zsigmondovics Zita csk<\/p>\n","protected":false},"excerpt":{"rendered":"<p>Mi 60 plusszos nagymam\u00e1k annak idej\u00e9n azzal a k\u00f6z\u00f6s c\u00e9llal j\u00f6tt\u00fcnk \u00f6ssze, hogy a Bene Zsuzsanna \u00e1ltal l\u00e9trehozott J\u00f6v\u0151sz\u00f6v\u0151 foglalkoz\u00e1sokon feleleven\u00edts\u00fck r\u00e9gi id\u0151k j\u00e1t\u00e9kait, tanuljunk \u00fajakat is, hogy ezeket a j\u00e1t\u00e9kokat a feln\u00f6vekv\u0151 gener\u00e1ci\u00f3nak, unok\u00e1inknak tov\u00e1bb tudjuk adni a vel\u00fck t\u00f6lt\u00f6tt vid\u00e1m egy\u00fcttl\u00e9t sor\u00e1n. Vannak k\u00f6z\u00f6tt\u00fcnk, akik sz\u00fclet\u00e9s\u00fck \u00f3ta G\u00f6d\u00f6ll\u0151n \u00e9lnek \u00e9s vannak, akiket az &#8230; <a title=\"J\u00f6v\u0151 sz\u00f6v\u0151 nagyik\" class=\"read-more\" href=\"https:\/\/gvkik.hu\/varostitkai\/jovo-szovo-nagyik\/\" aria-label=\"Read more about J\u00f6v\u0151 sz\u00f6v\u0151 nagyik\">Olvass tov\u00e1bb<\/a><\/p>\n","protected":false},"author":1,"featured_media":0,"parent":0,"menu_order":0,"comment_status":"closed","ping_status":"closed","template":"","meta":{"footnotes":""},"class_list":["post-175","page","type-page","status-publish"],"_links":{"self":[{"href":"https:\/\/gvkik.hu\/varostitkai\/wp-json\/wp\/v2\/pages\/175","targetHints":{"allow":["GET"]}}],"collection":[{"href":"https:\/\/gvkik.hu\/varostitkai\/wp-json\/wp\/v2\/pages"}],"about":[{"href":"https:\/\/gvkik.hu\/varostitkai\/wp-json\/wp\/v2\/types\/page"}],"author":[{"embeddable":true,"href":"https:\/\/gvkik.hu\/varostitkai\/wp-json\/wp\/v2\/users\/1"}],"replies":[{"embeddable":true,"href":"https:\/\/gvkik.hu\/varostitkai\/wp-json\/wp\/v2\/comments?post=175"}],"version-history":[{"count":1,"href":"https:\/\/gvkik.hu\/varostitkai\/wp-json\/wp\/v2\/pages\/175\/revisions"}],"predecessor-version":[{"id":177,"href":"https:\/\/gvkik.hu\/varostitkai\/wp-json\/wp\/v2\/pages\/175\/revisions\/177"}],"wp:attachment":[{"href":"https:\/\/gvkik.hu\/varostitkai\/wp-json\/wp\/v2\/media?parent=175"}],"curies":[{"name":"wp","href":"https:\/\/api.w.org\/{rel}","templated":true}]}}