{"id":171,"date":"2026-03-16T10:04:50","date_gmt":"2026-03-16T10:04:50","guid":{"rendered":"https:\/\/gvkik.hu\/varostitkai\/?page_id=171"},"modified":"2026-03-16T10:04:50","modified_gmt":"2026-03-16T10:04:50","slug":"konyvsetaltatok","status":"publish","type":"page","link":"https:\/\/gvkik.hu\/varostitkai\/konyvsetaltatok\/","title":{"rendered":"K\u00f6nyvs\u00e9t\u00e1ltat\u00f3k\u00a0"},"content":{"rendered":"\n<p>Mi vagyunk a K\u00f6nyvs\u00e9t\u00e1ltat\u00f3k csapat. N\u00e9v szerint: Fekete Anna, Ist\u00f3k Bal\u00e1zs, Kmett Anita, Kuba Cec\u00edlia, Mandevillen\u00e9 Kereszt\u00e9nyi Gizella, Nagy Vikt\u00f3ria, Bogn\u00e1r-Fazekas R\u00e9ka.<\/p>\n\n\n\n<p>Minden h\u00f3nap els\u0151 h\u00e9tf\u0151j\u00e9n olvas\u00f3k\u00f6rr\u00e9 alakulunk, \u00e9s nagy nevet\u00e9sek &#8211; jelsz\u00f3: csak semmi szomorkod\u00e1s &#8211; k\u00f6zepette megbesz\u00e9lj\u00fck az el\u0151zetesen&nbsp; k\u00f6z\u00f6sen elolvasott m\u0171veket. Szeretj\u00fck a s\u00fctem\u00e9nyt \u00e9s a te\u00e1t. Vannak olyan tagjaink, akik m\u00e9g angolul is elolvass\u00e1k az adott reg\u00e9nyt, vannak olyanok is, akik nagyvonal\u00faan k\u00f6nyveket aj\u00e1nd\u00e9koznak a K\u00f6nyvt\u00e1rnak. Sz\u00f3val ez egy NAGYSZER\u0170 csapat!&nbsp;<\/p>\n\n\n\n<p>Im\u00e1djuk a K\u00f6nyvt\u00e1rat, gyakran l\u00e1togatjuk egyed\u00fcl is, \u00e9s m\u00e9g a Tan\u00f6sv\u00e9nyen is &#8222;k\u00f6nyvs\u00e9t\u00e1ltunk&#8221;. Ott k\u00e9sz\u00fclt a mell\u00e9kelt fot\u00f3.<\/p>\n\n\n\n<p>Alig v\u00e1rjuk, hogy felfedezz\u00fck G\u00f6d\u00f6ll\u0151 titkait!<\/p>\n\n\n\n<p>\u00c9s szeretj\u00fck a s\u00fctem\u00e9nyt \u00e9s a te\u00e1t! Ja, ezt m\u00e1r \u00edrtam. \ud83d\ude42 De h\u00e1tha lesz valami &#8222;gasztro kih\u00edv\u00e1s&#8221;! \ud83d\ude42<\/p>\n\n\n\n<p>\u00dcdv\u00f6z\u00f6lj\u00fck a j\u00e1t\u00e9k szervez\u0151it \u00e9s a t\u00f6bbi csapatot:<\/p>\n\n\n\n<p>A K\u00d6NYVS\u00c9T\u00c1LTAT\u00d3K<\/p>\n\n\n\n<figure class=\"wp-block-image size-large\"><img loading=\"lazy\" decoding=\"async\" width=\"1024\" height=\"768\" src=\"https:\/\/gvkik.hu\/varostitkai\/wp-content\/uploads\/2026\/03\/Konyvsetaltatok-1024x768.jpg\" alt=\"\" class=\"wp-image-172\" srcset=\"https:\/\/gvkik.hu\/varostitkai\/wp-content\/uploads\/2026\/03\/Konyvsetaltatok-1024x768.jpg 1024w, https:\/\/gvkik.hu\/varostitkai\/wp-content\/uploads\/2026\/03\/Konyvsetaltatok-300x225.jpg 300w, https:\/\/gvkik.hu\/varostitkai\/wp-content\/uploads\/2026\/03\/Konyvsetaltatok-768x576.jpg 768w, https:\/\/gvkik.hu\/varostitkai\/wp-content\/uploads\/2026\/03\/Konyvsetaltatok-1536x1152.jpg 1536w, https:\/\/gvkik.hu\/varostitkai\/wp-content\/uploads\/2026\/03\/Konyvsetaltatok.jpg 2000w\" sizes=\"auto, (max-width: 1024px) 100vw, 1024px\" \/><\/figure>\n","protected":false},"excerpt":{"rendered":"<p>Mi vagyunk a K\u00f6nyvs\u00e9t\u00e1ltat\u00f3k csapat. N\u00e9v szerint: Fekete Anna, Ist\u00f3k Bal\u00e1zs, Kmett Anita, Kuba Cec\u00edlia, Mandevillen\u00e9 Kereszt\u00e9nyi Gizella, Nagy Vikt\u00f3ria, Bogn\u00e1r-Fazekas R\u00e9ka. Minden h\u00f3nap els\u0151 h\u00e9tf\u0151j\u00e9n olvas\u00f3k\u00f6rr\u00e9 alakulunk, \u00e9s nagy nevet\u00e9sek &#8211; jelsz\u00f3: csak semmi szomorkod\u00e1s &#8211; k\u00f6zepette megbesz\u00e9lj\u00fck az el\u0151zetesen&nbsp; k\u00f6z\u00f6sen elolvasott m\u0171veket. Szeretj\u00fck a s\u00fctem\u00e9nyt \u00e9s a te\u00e1t. Vannak olyan tagjaink, akik m\u00e9g &#8230; <a title=\"K\u00f6nyvs\u00e9t\u00e1ltat\u00f3k\u00a0\" class=\"read-more\" href=\"https:\/\/gvkik.hu\/varostitkai\/konyvsetaltatok\/\" aria-label=\"Read more about K\u00f6nyvs\u00e9t\u00e1ltat\u00f3k\u00a0\">Olvass tov\u00e1bb<\/a><\/p>\n","protected":false},"author":1,"featured_media":0,"parent":0,"menu_order":0,"comment_status":"closed","ping_status":"closed","template":"","meta":{"footnotes":""},"class_list":["post-171","page","type-page","status-publish"],"_links":{"self":[{"href":"https:\/\/gvkik.hu\/varostitkai\/wp-json\/wp\/v2\/pages\/171","targetHints":{"allow":["GET"]}}],"collection":[{"href":"https:\/\/gvkik.hu\/varostitkai\/wp-json\/wp\/v2\/pages"}],"about":[{"href":"https:\/\/gvkik.hu\/varostitkai\/wp-json\/wp\/v2\/types\/page"}],"author":[{"embeddable":true,"href":"https:\/\/gvkik.hu\/varostitkai\/wp-json\/wp\/v2\/users\/1"}],"replies":[{"embeddable":true,"href":"https:\/\/gvkik.hu\/varostitkai\/wp-json\/wp\/v2\/comments?post=171"}],"version-history":[{"count":1,"href":"https:\/\/gvkik.hu\/varostitkai\/wp-json\/wp\/v2\/pages\/171\/revisions"}],"predecessor-version":[{"id":173,"href":"https:\/\/gvkik.hu\/varostitkai\/wp-json\/wp\/v2\/pages\/171\/revisions\/173"}],"wp:attachment":[{"href":"https:\/\/gvkik.hu\/varostitkai\/wp-json\/wp\/v2\/media?parent=171"}],"curies":[{"name":"wp","href":"https:\/\/api.w.org\/{rel}","templated":true}]}}