{"id":168,"date":"2026-03-16T09:13:53","date_gmt":"2026-03-16T09:13:53","guid":{"rendered":"https:\/\/gvkik.hu\/varostitkai\/?page_id=168"},"modified":"2026-03-16T09:13:53","modified_gmt":"2026-03-16T09:13:53","slug":"dilis-tyukok","status":"publish","type":"page","link":"https:\/\/gvkik.hu\/varostitkai\/dilis-tyukok\/","title":{"rendered":"Dilis Ty\u00fakok"},"content":{"rendered":"\n<figure class=\"wp-block-image size-large\"><img loading=\"lazy\" decoding=\"async\" width=\"1024\" height=\"768\" src=\"https:\/\/gvkik.hu\/varostitkai\/wp-content\/uploads\/2026\/03\/Dilis-Tyukok-1024x768.jpg\" alt=\"\" class=\"wp-image-169\" srcset=\"https:\/\/gvkik.hu\/varostitkai\/wp-content\/uploads\/2026\/03\/Dilis-Tyukok-1024x768.jpg 1024w, https:\/\/gvkik.hu\/varostitkai\/wp-content\/uploads\/2026\/03\/Dilis-Tyukok-300x225.jpg 300w, https:\/\/gvkik.hu\/varostitkai\/wp-content\/uploads\/2026\/03\/Dilis-Tyukok-768x576.jpg 768w, https:\/\/gvkik.hu\/varostitkai\/wp-content\/uploads\/2026\/03\/Dilis-Tyukok-1536x1152.jpg 1536w, https:\/\/gvkik.hu\/varostitkai\/wp-content\/uploads\/2026\/03\/Dilis-Tyukok.jpg 2048w\" sizes=\"auto, (max-width: 1024px) 100vw, 1024px\" \/><\/figure>\n\n\n\n<p>Mi vagyunk a Dilis ty\u00fakok.&nbsp;<\/p>\n\n\n\n<p>Nem vagyunk mai csirk\u00e9k.&nbsp;<\/p>\n\n\n\n<p>B\u00e1trak vagyunk a vet\u00e9lked\u0151t illet\u0151en, mert vak ty\u00fak is tal\u00e1l szemet.&nbsp;<\/p>\n\n\n\n<p>Hivatalosan n\u00e9gyen vagyunk, de fejben legal\u00e1bb nyolcan \u2013 hiszen minden k\u00e9rd\u00e9sre minimum k\u00e9t v\u00e9lem\u00e9ny\u00fcnk van.&nbsp;<\/p>\n\n\n\n<p>Belekotyogni nem fogunk&#8230; csak ha tudjuk a v\u00e1laszt.&nbsp;<\/p>\n\n\n\n<p>Hilda nyugd\u00edjas pedag\u00f3gus.&nbsp;<\/p>\n\n\n\n<p>Reflexb\u0151l kijav\u00edtja a k\u00e9rd\u00e9seket is, ha nyelvtanilag nem t\u00f6k\u00e9letesek.&nbsp;<\/p>\n\n\n\n<p>S\u0151t pontozza is.&nbsp;<\/p>\n\n\n\n<p>PONT&nbsp;<\/p>\n\n\n\n<p>Anik\u00f3, fogorvosi asszisztens, aki annyira rutinos, hogy a rossz v\u00e1laszok m\u00e1r magukt\u00f3l kihullanak el\u0151le, de ha m\u00e9gsem, akkor kih\u00fazza azokat \u00e9rz\u00e9stelen\u00edt\u00e9s n\u00e9lk\u00fcl.<\/p>\n\n\n\n<p>Bea, k\u00e9tgyermekes anyuka.&nbsp;<\/p>\n\n\n\n<p>\u0150 napi szinten t\u00fal\u00e9l\u00e9si vet\u00e9lked\u0151n vesz r\u00e9szt. K\u00e1oszban navig\u00e1l GPS n\u00e9lk\u00fcl.&nbsp;<\/p>\n\n\n\n<p>Sz\u00f3val egy vet\u00e9lked\u0151 neki pihentet\u0151 wellness.<\/p>\n\n\n\n<p>\u00c1gi, min\u0151s\u00e9gbiztos\u00edt\u00e1si csoportvezet\u0151, aki addig nem engedi kimondani a v\u00e1laszt, am\u00edg h\u00e1romszor le nem ellen\u0151rizt\u00fck, le nem pecs\u00e9telt\u00fck \u00e9s fejben al\u00e1 nem \u00edrtuk, vagyis v\u00e1laszaink ISO-szabv\u00e1ny szerint ellen\u0151rz\u00f6ttek.<\/p>\n\n\n\n<p>K\u00f6z\u00f6s hobbink a zene szeretete. Legsz\u00edvesebben a dur-moll hangnemet v\u00e1lasztjuk, de ha valaki bel\u00e9nk k\u00f6t, a kar-moll sem \u00e1ll t\u00e1vol t\u0151l\u00fcnk.<\/p>\n\n\n\n<p>Mi nem csak kapirg\u00e1lunk a tud\u00e1s felsz\u00edn\u00e9n, hanem igyeksz\u00fcnk m\u00e9lyre \u00e1sni!&nbsp;<\/p>\n\n\n\n<p>Ha nem tudjuk a v\u00e1laszt, addig n\u00e9z\u00fcnk nagyon okosan, am\u00edg valaki el nem hiszi.&nbsp;<\/p>\n\n\n\n<p>A mott\u00f3nk: &#8216;Kotkod\u00e1csolj magabiztosan, \u00e9s senki nem k\u00e9rd\u0151jelezi meg az \u00e1ll\u00edt\u00e1sodat.&#8217;&nbsp;<\/p>\n\n\n\n<p>K\u00f6sz\u00f6nj\u00fck a figyelmet. Rem\u00e9lj\u00fck nem kotyogtunk ki semmi titkot!<\/p>\n","protected":false},"excerpt":{"rendered":"<p>Mi vagyunk a Dilis ty\u00fakok.&nbsp; Nem vagyunk mai csirk\u00e9k.&nbsp; B\u00e1trak vagyunk a vet\u00e9lked\u0151t illet\u0151en, mert vak ty\u00fak is tal\u00e1l szemet.&nbsp; Hivatalosan n\u00e9gyen vagyunk, de fejben legal\u00e1bb nyolcan \u2013 hiszen minden k\u00e9rd\u00e9sre minimum k\u00e9t v\u00e9lem\u00e9ny\u00fcnk van.&nbsp; Belekotyogni nem fogunk&#8230; csak ha tudjuk a v\u00e1laszt.&nbsp; Hilda nyugd\u00edjas pedag\u00f3gus.&nbsp; Reflexb\u0151l kijav\u00edtja a k\u00e9rd\u00e9seket is, ha nyelvtanilag nem t\u00f6k\u00e9letesek.&nbsp; &#8230; <a title=\"Dilis Ty\u00fakok\" class=\"read-more\" href=\"https:\/\/gvkik.hu\/varostitkai\/dilis-tyukok\/\" aria-label=\"Read more about Dilis Ty\u00fakok\">Olvass tov\u00e1bb<\/a><\/p>\n","protected":false},"author":1,"featured_media":0,"parent":0,"menu_order":0,"comment_status":"closed","ping_status":"closed","template":"","meta":{"footnotes":""},"class_list":["post-168","page","type-page","status-publish"],"_links":{"self":[{"href":"https:\/\/gvkik.hu\/varostitkai\/wp-json\/wp\/v2\/pages\/168","targetHints":{"allow":["GET"]}}],"collection":[{"href":"https:\/\/gvkik.hu\/varostitkai\/wp-json\/wp\/v2\/pages"}],"about":[{"href":"https:\/\/gvkik.hu\/varostitkai\/wp-json\/wp\/v2\/types\/page"}],"author":[{"embeddable":true,"href":"https:\/\/gvkik.hu\/varostitkai\/wp-json\/wp\/v2\/users\/1"}],"replies":[{"embeddable":true,"href":"https:\/\/gvkik.hu\/varostitkai\/wp-json\/wp\/v2\/comments?post=168"}],"version-history":[{"count":1,"href":"https:\/\/gvkik.hu\/varostitkai\/wp-json\/wp\/v2\/pages\/168\/revisions"}],"predecessor-version":[{"id":170,"href":"https:\/\/gvkik.hu\/varostitkai\/wp-json\/wp\/v2\/pages\/168\/revisions\/170"}],"wp:attachment":[{"href":"https:\/\/gvkik.hu\/varostitkai\/wp-json\/wp\/v2\/media?parent=168"}],"curies":[{"name":"wp","href":"https:\/\/api.w.org\/{rel}","templated":true}]}}