{"id":164,"date":"2026-03-16T09:12:26","date_gmt":"2026-03-16T09:12:26","guid":{"rendered":"https:\/\/gvkik.hu\/varostitkai\/?page_id=164"},"modified":"2026-03-16T09:12:26","modified_gmt":"2026-03-16T09:12:26","slug":"jamboree5","status":"publish","type":"page","link":"https:\/\/gvkik.hu\/varostitkai\/jamboree5\/","title":{"rendered":"Jamboree5"},"content":{"rendered":"\n<p>A sz\u00e9lr\u00f3zsa minden ir\u00e1ny\u00e1b\u00f3l j\u00f6tt\u00fcnk, de tiszta sz\u00edvb\u0151l g\u00f6d\u00f6ll\u0151inek valljuk magunkat.<\/p>\n\n\n\n<p>Az\u00e9rt jelentkezt\u00fcnk, hogy \u00f6r\u00f6kifj\u00fa \u00fajoncunk alaposabban megismerje&nbsp; v\u00e1rosunk m\u00faltj\u00e1t \u00e9s jelen\u00e9t.<\/p>\n\n\n\n<p>A csapatot \u00fagy \u00e1ll\u00edtottuk \u00f6ssze, hogy&nbsp; legyen valaki, aki \u00edr; egy m\u00e1sik, aki olvasni tud; kellett egy adathal\u00e1sz; egy logisztikus meg egy \u00f6sszetart\u00f3 er\u0151.<\/p>\n\n\n\n<p>Term\u00e9szetesen sz\u00e9pek \u00e9s okosak vagyunk, no meg SZER\u00c9NYEK!<\/p>\n\n\n\n<figure class=\"wp-block-image size-large\"><img loading=\"lazy\" decoding=\"async\" width=\"1024\" height=\"605\" src=\"https:\/\/gvkik.hu\/varostitkai\/wp-content\/uploads\/2026\/03\/JAMBOREE-5-1024x605.jpg\" alt=\"\" class=\"wp-image-166\" srcset=\"https:\/\/gvkik.hu\/varostitkai\/wp-content\/uploads\/2026\/03\/JAMBOREE-5-1024x605.jpg 1024w, https:\/\/gvkik.hu\/varostitkai\/wp-content\/uploads\/2026\/03\/JAMBOREE-5-300x177.jpg 300w, https:\/\/gvkik.hu\/varostitkai\/wp-content\/uploads\/2026\/03\/JAMBOREE-5-768x454.jpg 768w, https:\/\/gvkik.hu\/varostitkai\/wp-content\/uploads\/2026\/03\/JAMBOREE-5-1536x907.jpg 1536w, https:\/\/gvkik.hu\/varostitkai\/wp-content\/uploads\/2026\/03\/JAMBOREE-5-2048x1209.jpg 2048w\" sizes=\"auto, (max-width: 1024px) 100vw, 1024px\" \/><\/figure>\n","protected":false},"excerpt":{"rendered":"<p>A sz\u00e9lr\u00f3zsa minden ir\u00e1ny\u00e1b\u00f3l j\u00f6tt\u00fcnk, de tiszta sz\u00edvb\u0151l g\u00f6d\u00f6ll\u0151inek valljuk magunkat. Az\u00e9rt jelentkezt\u00fcnk, hogy \u00f6r\u00f6kifj\u00fa \u00fajoncunk alaposabban megismerje&nbsp; v\u00e1rosunk m\u00faltj\u00e1t \u00e9s jelen\u00e9t. A csapatot \u00fagy \u00e1ll\u00edtottuk \u00f6ssze, hogy&nbsp; legyen valaki, aki \u00edr; egy m\u00e1sik, aki olvasni tud; kellett egy adathal\u00e1sz; egy logisztikus meg egy \u00f6sszetart\u00f3 er\u0151. Term\u00e9szetesen sz\u00e9pek \u00e9s okosak vagyunk, no meg SZER\u00c9NYEK!<\/p>\n","protected":false},"author":1,"featured_media":0,"parent":0,"menu_order":0,"comment_status":"closed","ping_status":"closed","template":"","meta":{"footnotes":""},"class_list":["post-164","page","type-page","status-publish"],"_links":{"self":[{"href":"https:\/\/gvkik.hu\/varostitkai\/wp-json\/wp\/v2\/pages\/164","targetHints":{"allow":["GET"]}}],"collection":[{"href":"https:\/\/gvkik.hu\/varostitkai\/wp-json\/wp\/v2\/pages"}],"about":[{"href":"https:\/\/gvkik.hu\/varostitkai\/wp-json\/wp\/v2\/types\/page"}],"author":[{"embeddable":true,"href":"https:\/\/gvkik.hu\/varostitkai\/wp-json\/wp\/v2\/users\/1"}],"replies":[{"embeddable":true,"href":"https:\/\/gvkik.hu\/varostitkai\/wp-json\/wp\/v2\/comments?post=164"}],"version-history":[{"count":1,"href":"https:\/\/gvkik.hu\/varostitkai\/wp-json\/wp\/v2\/pages\/164\/revisions"}],"predecessor-version":[{"id":167,"href":"https:\/\/gvkik.hu\/varostitkai\/wp-json\/wp\/v2\/pages\/164\/revisions\/167"}],"wp:attachment":[{"href":"https:\/\/gvkik.hu\/varostitkai\/wp-json\/wp\/v2\/media?parent=164"}],"curies":[{"name":"wp","href":"https:\/\/api.w.org\/{rel}","templated":true}]}}