{"id":161,"date":"2026-03-16T09:10:41","date_gmt":"2026-03-16T09:10:41","guid":{"rendered":"https:\/\/gvkik.hu\/varostitkai\/?page_id=161"},"modified":"2026-03-16T09:10:42","modified_gmt":"2026-03-16T09:10:42","slug":"horvath-jakab-csalad","status":"publish","type":"page","link":"https:\/\/gvkik.hu\/varostitkai\/horvath-jakab-csalad\/","title":{"rendered":"Horv\u00e1th-Jakab csal\u00e1d"},"content":{"rendered":"\n<figure class=\"wp-block-image size-large\"><img loading=\"lazy\" decoding=\"async\" width=\"1024\" height=\"768\" src=\"https:\/\/gvkik.hu\/varostitkai\/wp-content\/uploads\/2026\/03\/Horvath-Jakab-csalad-1024x768.jpg\" alt=\"\" class=\"wp-image-162\" srcset=\"https:\/\/gvkik.hu\/varostitkai\/wp-content\/uploads\/2026\/03\/Horvath-Jakab-csalad-1024x768.jpg 1024w, https:\/\/gvkik.hu\/varostitkai\/wp-content\/uploads\/2026\/03\/Horvath-Jakab-csalad-300x225.jpg 300w, https:\/\/gvkik.hu\/varostitkai\/wp-content\/uploads\/2026\/03\/Horvath-Jakab-csalad-768x576.jpg 768w, https:\/\/gvkik.hu\/varostitkai\/wp-content\/uploads\/2026\/03\/Horvath-Jakab-csalad-1536x1152.jpg 1536w, https:\/\/gvkik.hu\/varostitkai\/wp-content\/uploads\/2026\/03\/Horvath-Jakab-csalad-2048x1536.jpg 2048w\" sizes=\"auto, (max-width: 1024px) 100vw, 1024px\" \/><\/figure>\n\n\n\n<p>Bemutatkozik a Horv\u00e1th-Jakab csal\u00e1d! G\u00f6d\u00f6ll\u0151n \u00e9l\u00fcnk, 5 f\u0151s csal\u00e1d vagyunk 3 gyerekkel.<\/p>\n\n\n\n<p>&nbsp;A 2 id\u0151sebb fi\u00fa \u00e1ltal\u00e1nos iskol\u00e1s G\u00f6d\u00f6ll\u0151n, 6. \u00e9s 3. oszt\u00e1lyosok. A legkisebb l\u00e1ny 6 \u00e9ves, utols\u00f3 \u00e9ves \u00f3vod\u00e1s.<\/p>\n\n\n\n<p>Egy vid\u00e1m \u00e9s hangos csal\u00e1d vagyunk.<\/p>\n\n\n\n<p>K\u00f6sz\u00f6nettel:<\/p>\n\n\n\n<p>Jakab Mariann \u00e9s Dr. Horv\u00e1th B\u00e1nk&nbsp;<\/p>\n\n\n\n<p><\/p>\n","protected":false},"excerpt":{"rendered":"<p>Bemutatkozik a Horv\u00e1th-Jakab csal\u00e1d! G\u00f6d\u00f6ll\u0151n \u00e9l\u00fcnk, 5 f\u0151s csal\u00e1d vagyunk 3 gyerekkel. &nbsp;A 2 id\u0151sebb fi\u00fa \u00e1ltal\u00e1nos iskol\u00e1s G\u00f6d\u00f6ll\u0151n, 6. \u00e9s 3. oszt\u00e1lyosok. A legkisebb l\u00e1ny 6 \u00e9ves, utols\u00f3 \u00e9ves \u00f3vod\u00e1s. Egy vid\u00e1m \u00e9s hangos csal\u00e1d vagyunk. K\u00f6sz\u00f6nettel: Jakab Mariann \u00e9s Dr. Horv\u00e1th B\u00e1nk&nbsp;<\/p>\n","protected":false},"author":1,"featured_media":0,"parent":0,"menu_order":0,"comment_status":"closed","ping_status":"closed","template":"","meta":{"footnotes":""},"class_list":["post-161","page","type-page","status-publish"],"_links":{"self":[{"href":"https:\/\/gvkik.hu\/varostitkai\/wp-json\/wp\/v2\/pages\/161","targetHints":{"allow":["GET"]}}],"collection":[{"href":"https:\/\/gvkik.hu\/varostitkai\/wp-json\/wp\/v2\/pages"}],"about":[{"href":"https:\/\/gvkik.hu\/varostitkai\/wp-json\/wp\/v2\/types\/page"}],"author":[{"embeddable":true,"href":"https:\/\/gvkik.hu\/varostitkai\/wp-json\/wp\/v2\/users\/1"}],"replies":[{"embeddable":true,"href":"https:\/\/gvkik.hu\/varostitkai\/wp-json\/wp\/v2\/comments?post=161"}],"version-history":[{"count":1,"href":"https:\/\/gvkik.hu\/varostitkai\/wp-json\/wp\/v2\/pages\/161\/revisions"}],"predecessor-version":[{"id":163,"href":"https:\/\/gvkik.hu\/varostitkai\/wp-json\/wp\/v2\/pages\/161\/revisions\/163"}],"wp:attachment":[{"href":"https:\/\/gvkik.hu\/varostitkai\/wp-json\/wp\/v2\/media?parent=161"}],"curies":[{"name":"wp","href":"https:\/\/api.w.org\/{rel}","templated":true}]}}