{"id":157,"date":"2026-03-16T08:53:25","date_gmt":"2026-03-16T08:53:25","guid":{"rendered":"https:\/\/gvkik.hu\/varostitkai\/?page_id=157"},"modified":"2026-03-16T08:53:26","modified_gmt":"2026-03-16T08:53:26","slug":"antalhegy-281-2","status":"publish","type":"page","link":"https:\/\/gvkik.hu\/varostitkai\/antalhegy-281-2\/","title":{"rendered":"Antalhegy 281.2"},"content":{"rendered":"\n<figure class=\"wp-block-image size-large\"><img loading=\"lazy\" decoding=\"async\" width=\"1024\" height=\"683\" src=\"https:\/\/gvkik.hu\/varostitkai\/wp-content\/uploads\/2026\/03\/antalhegy-1024x683.png\" alt=\"\" class=\"wp-image-158\" srcset=\"https:\/\/gvkik.hu\/varostitkai\/wp-content\/uploads\/2026\/03\/antalhegy-1024x683.png 1024w, https:\/\/gvkik.hu\/varostitkai\/wp-content\/uploads\/2026\/03\/antalhegy-300x200.png 300w, https:\/\/gvkik.hu\/varostitkai\/wp-content\/uploads\/2026\/03\/antalhegy-768x512.png 768w, https:\/\/gvkik.hu\/varostitkai\/wp-content\/uploads\/2026\/03\/antalhegy-1536x1024.png 1536w, https:\/\/gvkik.hu\/varostitkai\/wp-content\/uploads\/2026\/03\/antalhegy-2048x1366.png 2048w\" sizes=\"auto, (max-width: 1024px) 100vw, 1024px\" \/><\/figure>\n\n\n\n<p>Sok szeretettel k\u00f6sz\u00f6nti a J\u00e1t\u00e9kost\u00e1rsakat \u00e9s a szervez\u0151ket az Antalhegy 281.2 csapata!<\/p>\n\n\n\n<p>Csapatunk tagjai \u00f6sszekapcsolj\u00e1k G\u00f6d\u00f6ll\u0151 m\u00faltj\u00e1t \u00e9s j\u00f6v\u0151j\u00e9t. Csapatkapit\u00e1nyunk, <strong>Tibor<\/strong> G\u00f6d\u00f6ll\u0151 sz\u00fcl\u00f6tte \u00e9s egyid\u0151s v\u00e1rosunkkal, \u00edgy a kerek \u00e9vfordul\u00f3t egy\u00fctt \u00fcnnepli a v\u00e1rossal. Sokan ismerhetik \u0151t a v\u00e1ros egyik civil szervezete, a Margita 344,2 TSE vezet\u0151jek\u00e9nt, az egyes\u00fcleti t\u00e1rsaival rendezett t\u00far\u00e1kr\u00f3l, sportrendezv\u00e9nyekr\u0151l. A csapat m\u00e1sik X gener\u00e1ci\u00f3s tagja <strong>Krisztina<\/strong>, akinek mindennapjait a jog \u00e9s k\u00f6nyvt\u00e1rak vil\u00e1ga t\u00f6lti ki, a biztos h\u00e1torsz\u00e1got azonban a csal\u00e1d \u00e9s G\u00f6d\u00f6ll\u0151 jelenti.<\/p>\n\n\n\n<p>Csapatunk ifj\u00fa tit\u00e1njai \u00e9s oszlopos tagjai, <strong>Panka, Barnab\u00e1s<\/strong> \u00e9s <strong>Bertalan<\/strong> a j\u00f6v\u0151t k\u00e9pviselik. Egyetemistak\u00e9nt \u00e9lik mindennapjaikat. B\u00e1r nem G\u00f6d\u00f6ll\u0151n sz\u00fclettek, de szorosan k\u00f6t\u0151dnek a v\u00e1roshoz, sz\u00fclet\u00e9s\u00fck ut\u00e1n ide t\u00e9rtek haza, itt n\u0151ttek fel, itt szerezt\u00e9k els\u0151 bar\u00e1taikat, itt v\u00e9gezt\u00e9k tanulm\u00e1nyaik egy r\u00e9sz\u00e9t.<\/p>\n\n\n\n<p>Nagy izgalommal \u00e9s lelkesed\u00e9ssel v\u00e1rjuk az \u00fcnnepi \u00e9vben szervezett j\u00e1t\u00e9kot, mivel kor\u00e1bban m\u00e1r volt szerencs\u00e9nk hasonl\u00f3 g\u00f6d\u00f6ll\u0151i vet\u00e9lked\u0151k\u00f6n r\u00e9szt venni.<\/p>\n\n\n\n<p>Hajr\u00e1 minden j\u00e1t\u00e9kost\u00e1rs \u2013 ez az a vet\u00e9lked\u0151, ahol mindenki csak nyerhet!<\/p>\n","protected":false},"excerpt":{"rendered":"<p>Sok szeretettel k\u00f6sz\u00f6nti a J\u00e1t\u00e9kost\u00e1rsakat \u00e9s a szervez\u0151ket az Antalhegy 281.2 csapata! Csapatunk tagjai \u00f6sszekapcsolj\u00e1k G\u00f6d\u00f6ll\u0151 m\u00faltj\u00e1t \u00e9s j\u00f6v\u0151j\u00e9t. Csapatkapit\u00e1nyunk, Tibor G\u00f6d\u00f6ll\u0151 sz\u00fcl\u00f6tte \u00e9s egyid\u0151s v\u00e1rosunkkal, \u00edgy a kerek \u00e9vfordul\u00f3t egy\u00fctt \u00fcnnepli a v\u00e1rossal. Sokan ismerhetik \u0151t a v\u00e1ros egyik civil szervezete, a Margita 344,2 TSE vezet\u0151jek\u00e9nt, az egyes\u00fcleti t\u00e1rsaival rendezett t\u00far\u00e1kr\u00f3l, sportrendezv\u00e9nyekr\u0151l. A csapat &#8230; <a title=\"Antalhegy 281.2\" class=\"read-more\" href=\"https:\/\/gvkik.hu\/varostitkai\/antalhegy-281-2\/\" aria-label=\"Read more about Antalhegy 281.2\">Olvass tov\u00e1bb<\/a><\/p>\n","protected":false},"author":1,"featured_media":0,"parent":0,"menu_order":0,"comment_status":"closed","ping_status":"closed","template":"","meta":{"footnotes":""},"class_list":["post-157","page","type-page","status-publish"],"_links":{"self":[{"href":"https:\/\/gvkik.hu\/varostitkai\/wp-json\/wp\/v2\/pages\/157","targetHints":{"allow":["GET"]}}],"collection":[{"href":"https:\/\/gvkik.hu\/varostitkai\/wp-json\/wp\/v2\/pages"}],"about":[{"href":"https:\/\/gvkik.hu\/varostitkai\/wp-json\/wp\/v2\/types\/page"}],"author":[{"embeddable":true,"href":"https:\/\/gvkik.hu\/varostitkai\/wp-json\/wp\/v2\/users\/1"}],"replies":[{"embeddable":true,"href":"https:\/\/gvkik.hu\/varostitkai\/wp-json\/wp\/v2\/comments?post=157"}],"version-history":[{"count":1,"href":"https:\/\/gvkik.hu\/varostitkai\/wp-json\/wp\/v2\/pages\/157\/revisions"}],"predecessor-version":[{"id":159,"href":"https:\/\/gvkik.hu\/varostitkai\/wp-json\/wp\/v2\/pages\/157\/revisions\/159"}],"wp:attachment":[{"href":"https:\/\/gvkik.hu\/varostitkai\/wp-json\/wp\/v2\/media?parent=157"}],"curies":[{"name":"wp","href":"https:\/\/api.w.org\/{rel}","templated":true}]}}