{"id":96,"date":"2025-12-17T14:35:09","date_gmt":"2025-12-17T14:35:09","guid":{"rendered":"https:\/\/gvkik.hu\/tarsasjatekok\/?page_id=96"},"modified":"2025-12-17T14:38:10","modified_gmt":"2025-12-17T14:38:10","slug":"uj-jatekainkbol","status":"publish","type":"page","link":"https:\/\/gvkik.hu\/tarsasjatekok\/index.php\/uj-jatekainkbol\/","title":{"rendered":"\u00daj j\u00e1t\u00e9kainkb\u00f3l"},"content":{"rendered":"\n<figure class=\"wp-block-gallery has-nested-images columns-default is-cropped wp-block-gallery-1 is-layout-flex wp-block-gallery-is-layout-flex\">\n<figure class=\"wp-block-image size-large\"><img loading=\"lazy\" decoding=\"async\" width=\"1024\" height=\"768\" data-id=\"97\" src=\"https:\/\/gvkik.hu\/tarsasjatekok\/wp-content\/uploads\/2025\/12\/503552000_1110669547761439_7025088023636356711_n-1024x768.jpg\" alt=\"\" class=\"wp-image-97\" srcset=\"https:\/\/gvkik.hu\/tarsasjatekok\/wp-content\/uploads\/2025\/12\/503552000_1110669547761439_7025088023636356711_n-1024x768.jpg 1024w, https:\/\/gvkik.hu\/tarsasjatekok\/wp-content\/uploads\/2025\/12\/503552000_1110669547761439_7025088023636356711_n-300x225.jpg 300w, https:\/\/gvkik.hu\/tarsasjatekok\/wp-content\/uploads\/2025\/12\/503552000_1110669547761439_7025088023636356711_n-768x576.jpg 768w, https:\/\/gvkik.hu\/tarsasjatekok\/wp-content\/uploads\/2025\/12\/503552000_1110669547761439_7025088023636356711_n-1536x1152.jpg 1536w, https:\/\/gvkik.hu\/tarsasjatekok\/wp-content\/uploads\/2025\/12\/503552000_1110669547761439_7025088023636356711_n.jpg 2048w\" sizes=\"auto, (max-width: 1024px) 100vw, 1024px\" \/><\/figure>\n\n\n\n<figure class=\"wp-block-image size-large\"><img loading=\"lazy\" decoding=\"async\" width=\"768\" height=\"1024\" data-id=\"98\" src=\"https:\/\/gvkik.hu\/tarsasjatekok\/wp-content\/uploads\/2025\/12\/503702352_1110669541094773_4341459156574616167_n-768x1024.jpg\" alt=\"\" class=\"wp-image-98\" srcset=\"https:\/\/gvkik.hu\/tarsasjatekok\/wp-content\/uploads\/2025\/12\/503702352_1110669541094773_4341459156574616167_n-768x1024.jpg 768w, https:\/\/gvkik.hu\/tarsasjatekok\/wp-content\/uploads\/2025\/12\/503702352_1110669541094773_4341459156574616167_n-225x300.jpg 225w, https:\/\/gvkik.hu\/tarsasjatekok\/wp-content\/uploads\/2025\/12\/503702352_1110669541094773_4341459156574616167_n-1152x1536.jpg 1152w, https:\/\/gvkik.hu\/tarsasjatekok\/wp-content\/uploads\/2025\/12\/503702352_1110669541094773_4341459156574616167_n.jpg 1536w\" sizes=\"auto, (max-width: 768px) 100vw, 768px\" \/><\/figure>\n\n\n\n<figure class=\"wp-block-image size-large\"><img loading=\"lazy\" decoding=\"async\" width=\"768\" height=\"1024\" data-id=\"100\" src=\"https:\/\/gvkik.hu\/tarsasjatekok\/wp-content\/uploads\/2025\/12\/503833160_1110669537761440_5977929472449525218_n-768x1024.jpg\" alt=\"\" class=\"wp-image-100\" srcset=\"https:\/\/gvkik.hu\/tarsasjatekok\/wp-content\/uploads\/2025\/12\/503833160_1110669537761440_5977929472449525218_n-768x1024.jpg 768w, https:\/\/gvkik.hu\/tarsasjatekok\/wp-content\/uploads\/2025\/12\/503833160_1110669537761440_5977929472449525218_n-225x300.jpg 225w, https:\/\/gvkik.hu\/tarsasjatekok\/wp-content\/uploads\/2025\/12\/503833160_1110669537761440_5977929472449525218_n-1152x1536.jpg 1152w, https:\/\/gvkik.hu\/tarsasjatekok\/wp-content\/uploads\/2025\/12\/503833160_1110669537761440_5977929472449525218_n.jpg 1536w\" sizes=\"auto, (max-width: 768px) 100vw, 768px\" \/><\/figure>\n\n\n\n<figure class=\"wp-block-image size-large\"><img loading=\"lazy\" decoding=\"async\" width=\"1024\" height=\"768\" data-id=\"101\" src=\"https:\/\/gvkik.hu\/tarsasjatekok\/wp-content\/uploads\/2025\/12\/503846461_1110669544428106_4914018136032715853_n-1024x768.jpg\" alt=\"\" class=\"wp-image-101\" srcset=\"https:\/\/gvkik.hu\/tarsasjatekok\/wp-content\/uploads\/2025\/12\/503846461_1110669544428106_4914018136032715853_n-1024x768.jpg 1024w, https:\/\/gvkik.hu\/tarsasjatekok\/wp-content\/uploads\/2025\/12\/503846461_1110669544428106_4914018136032715853_n-300x225.jpg 300w, https:\/\/gvkik.hu\/tarsasjatekok\/wp-content\/uploads\/2025\/12\/503846461_1110669544428106_4914018136032715853_n-768x576.jpg 768w, https:\/\/gvkik.hu\/tarsasjatekok\/wp-content\/uploads\/2025\/12\/503846461_1110669544428106_4914018136032715853_n-1536x1152.jpg 1536w, https:\/\/gvkik.hu\/tarsasjatekok\/wp-content\/uploads\/2025\/12\/503846461_1110669544428106_4914018136032715853_n.jpg 2048w\" sizes=\"auto, (max-width: 1024px) 100vw, 1024px\" \/><\/figure>\n\n\n\n<figure class=\"wp-block-image size-large\"><img loading=\"lazy\" decoding=\"async\" width=\"1024\" height=\"768\" data-id=\"99\" src=\"https:\/\/gvkik.hu\/tarsasjatekok\/wp-content\/uploads\/2025\/12\/503866804_1110669551094772_3177320443297891613_n-1024x768.jpg\" alt=\"\" class=\"wp-image-99\" srcset=\"https:\/\/gvkik.hu\/tarsasjatekok\/wp-content\/uploads\/2025\/12\/503866804_1110669551094772_3177320443297891613_n-1024x768.jpg 1024w, https:\/\/gvkik.hu\/tarsasjatekok\/wp-content\/uploads\/2025\/12\/503866804_1110669551094772_3177320443297891613_n-300x225.jpg 300w, https:\/\/gvkik.hu\/tarsasjatekok\/wp-content\/uploads\/2025\/12\/503866804_1110669551094772_3177320443297891613_n-768x576.jpg 768w, https:\/\/gvkik.hu\/tarsasjatekok\/wp-content\/uploads\/2025\/12\/503866804_1110669551094772_3177320443297891613_n-1536x1152.jpg 1536w, https:\/\/gvkik.hu\/tarsasjatekok\/wp-content\/uploads\/2025\/12\/503866804_1110669551094772_3177320443297891613_n.jpg 2048w\" sizes=\"auto, (max-width: 1024px) 100vw, 1024px\" \/><\/figure>\n\n\n\n<figure class=\"wp-block-image size-large\"><img loading=\"lazy\" decoding=\"async\" width=\"1024\" height=\"768\" data-id=\"103\" src=\"https:\/\/gvkik.hu\/tarsasjatekok\/wp-content\/uploads\/2025\/12\/504219117_1110669531094774_630529747283412267_n-1024x768.jpg\" alt=\"\" class=\"wp-image-103\" srcset=\"https:\/\/gvkik.hu\/tarsasjatekok\/wp-content\/uploads\/2025\/12\/504219117_1110669531094774_630529747283412267_n-1024x768.jpg 1024w, https:\/\/gvkik.hu\/tarsasjatekok\/wp-content\/uploads\/2025\/12\/504219117_1110669531094774_630529747283412267_n-300x225.jpg 300w, https:\/\/gvkik.hu\/tarsasjatekok\/wp-content\/uploads\/2025\/12\/504219117_1110669531094774_630529747283412267_n-768x576.jpg 768w, https:\/\/gvkik.hu\/tarsasjatekok\/wp-content\/uploads\/2025\/12\/504219117_1110669531094774_630529747283412267_n-1536x1152.jpg 1536w, https:\/\/gvkik.hu\/tarsasjatekok\/wp-content\/uploads\/2025\/12\/504219117_1110669531094774_630529747283412267_n.jpg 2048w\" sizes=\"auto, (max-width: 1024px) 100vw, 1024px\" \/><\/figure>\n\n\n\n<figure class=\"wp-block-image size-large\"><img loading=\"lazy\" decoding=\"async\" width=\"1024\" height=\"768\" data-id=\"104\" src=\"https:\/\/gvkik.hu\/tarsasjatekok\/wp-content\/uploads\/2025\/12\/504328606_1110669534428107_8743140190777829353_n-1024x768.jpg\" alt=\"\" class=\"wp-image-104\" srcset=\"https:\/\/gvkik.hu\/tarsasjatekok\/wp-content\/uploads\/2025\/12\/504328606_1110669534428107_8743140190777829353_n-1024x768.jpg 1024w, https:\/\/gvkik.hu\/tarsasjatekok\/wp-content\/uploads\/2025\/12\/504328606_1110669534428107_8743140190777829353_n-300x225.jpg 300w, https:\/\/gvkik.hu\/tarsasjatekok\/wp-content\/uploads\/2025\/12\/504328606_1110669534428107_8743140190777829353_n-768x576.jpg 768w, https:\/\/gvkik.hu\/tarsasjatekok\/wp-content\/uploads\/2025\/12\/504328606_1110669534428107_8743140190777829353_n-1536x1151.jpg 1536w, https:\/\/gvkik.hu\/tarsasjatekok\/wp-content\/uploads\/2025\/12\/504328606_1110669534428107_8743140190777829353_n.jpg 2048w\" sizes=\"auto, (max-width: 1024px) 100vw, 1024px\" \/><\/figure>\n<\/figure>\n","protected":false},"excerpt":{"rendered":"","protected":false},"author":1,"featured_media":0,"parent":0,"menu_order":0,"comment_status":"closed","ping_status":"closed","template":"","meta":{"footnotes":""},"class_list":["post-96","page","type-page","status-publish","hentry"],"_links":{"self":[{"href":"https:\/\/gvkik.hu\/tarsasjatekok\/index.php\/wp-json\/wp\/v2\/pages\/96","targetHints":{"allow":["GET"]}}],"collection":[{"href":"https:\/\/gvkik.hu\/tarsasjatekok\/index.php\/wp-json\/wp\/v2\/pages"}],"about":[{"href":"https:\/\/gvkik.hu\/tarsasjatekok\/index.php\/wp-json\/wp\/v2\/types\/page"}],"author":[{"embeddable":true,"href":"https:\/\/gvkik.hu\/tarsasjatekok\/index.php\/wp-json\/wp\/v2\/users\/1"}],"replies":[{"embeddable":true,"href":"https:\/\/gvkik.hu\/tarsasjatekok\/index.php\/wp-json\/wp\/v2\/comments?post=96"}],"version-history":[{"count":2,"href":"https:\/\/gvkik.hu\/tarsasjatekok\/index.php\/wp-json\/wp\/v2\/pages\/96\/revisions"}],"predecessor-version":[{"id":106,"href":"https:\/\/gvkik.hu\/tarsasjatekok\/index.php\/wp-json\/wp\/v2\/pages\/96\/revisions\/106"}],"wp:attachment":[{"href":"https:\/\/gvkik.hu\/tarsasjatekok\/index.php\/wp-json\/wp\/v2\/media?parent=96"}],"curies":[{"name":"wp","href":"https:\/\/api.w.org\/{rel}","templated":true}]}}