{"id":88,"date":"2025-12-17T14:19:50","date_gmt":"2025-12-17T14:19:50","guid":{"rendered":"https:\/\/gvkik.hu\/tarsasjatekok\/?page_id=88"},"modified":"2025-12-17T14:20:56","modified_gmt":"2025-12-17T14:20:56","slug":"tarsasjatekaink-listaja","status":"publish","type":"page","link":"https:\/\/gvkik.hu\/tarsasjatekok\/index.php\/tarsasjatekaink-listaja\/","title":{"rendered":"T\u00e1rsasj\u00e1t\u00e9kaink list\u00e1ja"},"content":{"rendered":"\n<ul class=\"wp-block-list\">\n<li>T\u00e1rsasj\u00e1t\u00e9kaink list\u00e1ja (ABC sorrendben) &#8211; 2025. december<\/li>\n<\/ul>\n\n\n\n<div data-wp-interactive=\"core\/file\" class=\"wp-block-file\"><object data-wp-bind--hidden=\"!state.hasPdfPreview\" hidden class=\"wp-block-file__embed\" data=\"https:\/\/gvkik.hu\/tarsasjatekok\/wp-content\/uploads\/2025\/12\/tarsas_teljes_lista_20251217.pdf\" type=\"application\/pdf\" style=\"width:100%;height:715px\" aria-label=\"Embed of tarsas_teljes_lista_20251217.\"><\/object><a id=\"wp-block-file--media-3991de2f-202d-463a-b4ce-9643a68bbebb\" href=\"https:\/\/gvkik.hu\/tarsasjatekok\/wp-content\/uploads\/2025\/12\/tarsas_teljes_lista_20251217.pdf\">tarsas_teljes_lista_20251217<\/a><a href=\"https:\/\/gvkik.hu\/tarsasjatekok\/wp-content\/uploads\/2025\/12\/tarsas_teljes_lista_20251217.pdf\" class=\"wp-block-file__button wp-element-button\" download aria-describedby=\"wp-block-file--media-3991de2f-202d-463a-b4ce-9643a68bbebb\">Download<\/a><\/div>\n\n\n\n<p><\/p>\n","protected":false},"excerpt":{"rendered":"","protected":false},"author":1,"featured_media":0,"parent":0,"menu_order":0,"comment_status":"closed","ping_status":"closed","template":"","meta":{"footnotes":""},"class_list":["post-88","page","type-page","status-publish","hentry"],"_links":{"self":[{"href":"https:\/\/gvkik.hu\/tarsasjatekok\/index.php\/wp-json\/wp\/v2\/pages\/88","targetHints":{"allow":["GET"]}}],"collection":[{"href":"https:\/\/gvkik.hu\/tarsasjatekok\/index.php\/wp-json\/wp\/v2\/pages"}],"about":[{"href":"https:\/\/gvkik.hu\/tarsasjatekok\/index.php\/wp-json\/wp\/v2\/types\/page"}],"author":[{"embeddable":true,"href":"https:\/\/gvkik.hu\/tarsasjatekok\/index.php\/wp-json\/wp\/v2\/users\/1"}],"replies":[{"embeddable":true,"href":"https:\/\/gvkik.hu\/tarsasjatekok\/index.php\/wp-json\/wp\/v2\/comments?post=88"}],"version-history":[{"count":3,"href":"https:\/\/gvkik.hu\/tarsasjatekok\/index.php\/wp-json\/wp\/v2\/pages\/88\/revisions"}],"predecessor-version":[{"id":92,"href":"https:\/\/gvkik.hu\/tarsasjatekok\/index.php\/wp-json\/wp\/v2\/pages\/88\/revisions\/92"}],"wp:attachment":[{"href":"https:\/\/gvkik.hu\/tarsasjatekok\/index.php\/wp-json\/wp\/v2\/media?parent=88"}],"curies":[{"name":"wp","href":"https:\/\/api.w.org\/{rel}","templated":true}]}}