{"id":2,"date":"2025-10-09T08:43:35","date_gmt":"2025-10-09T08:43:35","guid":{"rendered":"https:\/\/gvkik.hu\/tarsasjatekok\/?page_id=2"},"modified":"2026-02-18T07:22:22","modified_gmt":"2026-02-18T07:22:22","slug":"sample-page","status":"publish","type":"page","link":"https:\/\/gvkik.hu\/tarsasjatekok\/index.php\/sample-page\/","title":{"rendered":"T\u00e1rsasj\u00e1t\u00e9k klub"},"content":{"rendered":"\n<p>A T\u00e1rsasj\u00e1t\u00e9k Klubbot az\u00e9rt hoztuk l\u00e9tre, mert nem csak a gyerekek szeretnek j\u00e1tszani, hanem a feln\u0151ttek is, \u00e9s szerencs\u00e9re erre a j\u00e1t\u00e9kgy\u00e1rt\u00f3k is r\u00e1j\u00f6ttek. N\u00e1lunk kikapcsol\u00f3dhatsz, szerezhetsz \u00faj bar\u00e1tokat, \u00e9s sz\u00e1mos \u00faj t\u00e1rsasj\u00e1t\u00e9kot kipr\u00f3b\u00e1lhatsz, amit j\u00e1t\u00e9k ut\u00e1n, ha megtetszett, ki is k\u00f6lcs\u00f6n\u00f6zhetsz.<\/p>\n\n\n\n<p>A klubtags\u00e1g ingyenes, felt\u00e9tele: \u00e9rv\u00e9nyes olvas\u00f3jegy vagy regisztr\u00e1ci\u00f3s jegy.<\/p>\n\n\n\n<p>Kalandra fel a T\u00e1rsasj\u00e1t\u00e9k Klubban! <strong>\ud83d\udcc5 2026. febru\u00e1r 28. (szombat), 17:00\u201322:00<\/strong> \u2013 exped\u00edci\u00f3s tematik\u00e1val v\u00e1rjuk a 12 \u00e9v feletti j\u00e1t\u00e9kosokat.<\/p>\n\n\n\n<p>Fedezz fel \u0151si templomokat, h\u00f3d\u00edtsd meg a dzsungelt \u00e9s tal\u00e1ld meg az elveszett kincseket a T\u00e1rsasj\u00e1t\u00e9k Klub k\u00f6vetkez\u0151 alkalm\u00e1n! <strong>\ud83d\udcc5 2026. febru\u00e1r 28. (szombat), 17:00\u201322:00<\/strong> k\u00f6z\u00f6tt exped\u00edci\u00f3s tematik\u00e1j\u00fa j\u00e1t\u00e9kokkal \u2013 t\u00f6bbek k\u00f6z\u00f6tt Tikal, Kartogr\u00e1fusok \u00e9s Eldor\u00e1d\u00f3 legend\u00e1ja \u2013 v\u00e1rjuk az \u00e9rdekl\u0151d\u0151ket. Az esem\u00e9ny 12 \u00e9v felett aj\u00e1nlott, a bel\u00e9p\u00e9s beiratkozott olvas\u00f3ink sz\u00e1m\u00e1ra ingyenes. A program helysz\u00edne a G\u00f6d\u00f6ll\u0151i V\u00e1rosi K\u00f6nyvt\u00e1r f\u00f6ldszinti k\u00f6z\u00f6ss\u00e9gi tere. \ud83c\udfb2<\/p>\n\n\n\n<figure class=\"wp-block-image size-large\"><img loading=\"lazy\" decoding=\"async\" width=\"1024\" height=\"724\" src=\"https:\/\/gvkik.hu\/tarsasjatekok\/wp-content\/uploads\/2026\/02\/tarsas_klub2-1024x724.jpg\" alt=\"\" class=\"wp-image-131\" srcset=\"https:\/\/gvkik.hu\/tarsasjatekok\/wp-content\/uploads\/2026\/02\/tarsas_klub2-1024x724.jpg 1024w, https:\/\/gvkik.hu\/tarsasjatekok\/wp-content\/uploads\/2026\/02\/tarsas_klub2-300x212.jpg 300w, https:\/\/gvkik.hu\/tarsasjatekok\/wp-content\/uploads\/2026\/02\/tarsas_klub2-768x543.jpg 768w, https:\/\/gvkik.hu\/tarsasjatekok\/wp-content\/uploads\/2026\/02\/tarsas_klub2-1536x1086.jpg 1536w, https:\/\/gvkik.hu\/tarsasjatekok\/wp-content\/uploads\/2026\/02\/tarsas_klub2-2048x1448.jpg 2048w\" sizes=\"auto, (max-width: 1024px) 100vw, 1024px\" \/><\/figure>\n","protected":false},"excerpt":{"rendered":"<p>A T\u00e1rsasj\u00e1t\u00e9k Klubbot az\u00e9rt hoztuk l\u00e9tre, mert nem csak a gyerekek szeretnek j\u00e1tszani, hanem a feln\u0151ttek is, \u00e9s szerencs\u00e9re erre a j\u00e1t\u00e9kgy\u00e1rt\u00f3k is r\u00e1j\u00f6ttek. N\u00e1lunk kikapcsol\u00f3dhatsz, szerezhetsz \u00faj bar\u00e1tokat, \u00e9s sz\u00e1mos \u00faj t\u00e1rsasj\u00e1t\u00e9kot kipr\u00f3b\u00e1lhatsz, amit j\u00e1t\u00e9k ut\u00e1n, ha megtetszett, ki is k\u00f6lcs\u00f6n\u00f6zhetsz. A klubtags\u00e1g ingyenes, felt\u00e9tele: \u00e9rv\u00e9nyes olvas\u00f3jegy vagy regisztr\u00e1ci\u00f3s jegy. Kalandra fel a T\u00e1rsasj\u00e1t\u00e9k [&hellip;]<\/p>\n","protected":false},"author":1,"featured_media":0,"parent":0,"menu_order":0,"comment_status":"closed","ping_status":"open","template":"","meta":{"footnotes":""},"class_list":["post-2","page","type-page","status-publish","hentry"],"_links":{"self":[{"href":"https:\/\/gvkik.hu\/tarsasjatekok\/index.php\/wp-json\/wp\/v2\/pages\/2","targetHints":{"allow":["GET"]}}],"collection":[{"href":"https:\/\/gvkik.hu\/tarsasjatekok\/index.php\/wp-json\/wp\/v2\/pages"}],"about":[{"href":"https:\/\/gvkik.hu\/tarsasjatekok\/index.php\/wp-json\/wp\/v2\/types\/page"}],"author":[{"embeddable":true,"href":"https:\/\/gvkik.hu\/tarsasjatekok\/index.php\/wp-json\/wp\/v2\/users\/1"}],"replies":[{"embeddable":true,"href":"https:\/\/gvkik.hu\/tarsasjatekok\/index.php\/wp-json\/wp\/v2\/comments?post=2"}],"version-history":[{"count":4,"href":"https:\/\/gvkik.hu\/tarsasjatekok\/index.php\/wp-json\/wp\/v2\/pages\/2\/revisions"}],"predecessor-version":[{"id":133,"href":"https:\/\/gvkik.hu\/tarsasjatekok\/index.php\/wp-json\/wp\/v2\/pages\/2\/revisions\/133"}],"wp:attachment":[{"href":"https:\/\/gvkik.hu\/tarsasjatekok\/index.php\/wp-json\/wp\/v2\/media?parent=2"}],"curies":[{"name":"wp","href":"https:\/\/api.w.org\/{rel}","templated":true}]}}